{"id":154,"date":"2018-10-28T17:31:19","date_gmt":"2018-10-28T16:31:19","guid":{"rendered":"http:\/\/achtern-strand.de\/?page_id=154"},"modified":"2018-10-28T18:32:42","modified_gmt":"2018-10-28T17:32:42","slug":"radtouren","status":"publish","type":"page","link":"https:\/\/achtern-strand.de\/index.php\/aktivitaeten\/radtouren\/","title":{"rendered":"Radtouren"},"content":{"rendered":"<h1>Radtouren ab Zinnowitz<\/h1>\n<p>Organisatorisches: Sie haben kein Rad? Einen super freundlichen und hilfsbereiten Service bietet die Familie Kruggel in Zinnowitz an. Dort sind Sie gut aufgehoben!<\/p>\n<p>Wir lieben es einfach: <a href=\"http:\/\/www.fahrradverleih-usedom.de\">www.fahrradverleih-usedom.de<\/a><\/p>\n<p>Tour 1<br \/>\nSie fahren von Ihrem Appartement Richtung Nord bis zum Radweg l\u00e4ngs der K\u00fcste, der in Zinnowitz unmittelbar hinter der D\u00fcne verl\u00e4uft. Dort angekommen halten Sie sich nach Osten in Richtung des Ortes Zempin. Der Weg f\u00fchrt im ersten Teil durch einen sch\u00f6nen Kiefernwald.<\/p>\n<p>In Zempin gibt es noch nicht so sehr viel zu schauen. Daher treten Sie am besten gleich kr\u00e4ftig in die Pedale und fahren weiter bis Koserow.<\/p>\n<p>Gleich am Ortseingang wartet ein erstes Highlight auf Sie &#8211; die Salzh\u00fctten von Koserow. Sie haben gute Chancen auf einen feinen frisch ger\u00e4ucherten Fisch, ein k\u00fchles Bier oder ein Alsterwasser. Von der Seebr\u00fccke Koserow k\u00f6nnen Sie einen Blick auf den Streckelsberg werfen. Mit stolzen 63 m die h\u00f6chste Erhebung &#8211; wir sagen Berg dazu &#8211; auf Usedom. Der Radweg f\u00fchrt direkt unterhalb des Berges entlang. Ich empfehle Ihnen einen kleinen Abstecher zum Aussichtspunkt, da der Blick von der Steilk\u00fcste \u00fcber das Meer einfach grandios ist.<\/p>\n<p>Die wohl sch\u00f6nste Jahreszeit in diesem Wald ist der Fr\u00fchling, wenn der Waldboden von Anemonen und Leberbl\u00fcmchen bedeckt ist.<\/p>\n<p>Die Tour f\u00fchrt von hier weiter l\u00e4ngs der K\u00fcstenlinie nach K\u00f6lpinsee. Der See liegt Ihnen zur rechten Hand und die Ostsee haben Sie st\u00e4ndig an backbord liegen &#8211; also links oder n\u00f6rdlich.<\/p>\n<p>In K\u00f6lpinsee gibt einen weiteren recht urigen kleinen Imbiss, den ich Ihnen gerne empfehlen m\u00f6chte. Nicht nur weil der ger\u00e4ucherter Heilbutt so verdammt gut schmeckt.. Also &#8211; auf dem letzten Drittel des Sees auf der linken Seite finden Sie ein paar alte Fischerh\u00fctten, den besagten Imbiss in einer kleinen Holzh\u00fctte und einen tollen Platz zum Rasten. Sie sitzen quasi auf der D\u00fcne, habe einen unglaublich sch\u00f6nen Blick auf das Meer und das Rauschen der gro\u00dfen Pappeln und der Wellen als unbezahlbare kostenlose Beigabe. Ein kleines Bad in der See bietet sich hier auch an. Der FKK &#8211; Strand liegt nur 100 m s\u00fcd\u00f6stlich von Ihnen und ist in 2 Minuten erreicht &#8211; oder Sie haben an Badezeug gedacht, dann brauchen Sie wirklich nur &#8222;2 x hinfallen&#8220; und liegen im Wasser. Endgeil &#8211; in der Sprache der Jugend. Es ist ein phantastisches Fleckchen Erde dort.<\/p>\n<p>Auf den n\u00e4chsten Kilometern gelangen Sie \u00fcber Stubbenfelde und \u00dcckeritz auf dem Radweg nach Bansin &#8211; einem interessanten historischen Seebad der Insel. In Bansin sollten Sie sich etwas Zeit nehmen. Eines der faszinierendsten Architekturensembles der Insel finden Sie in der Bansiner Bergstra\u00dfe. Diese verl\u00e4uft parallel zum westlichen Teil der Promenade. Die Villen der Gr\u00fcnderzeit bilden eine sehr homogene Einheit, sind jedoch trotzdem vielgestaltig und spannend. F\u00fcr Architekturfans sicher ein absoluter Leckerbissen.<\/p>\n<p>Aber der Ort bietet noch mehr. Unbedingt sollten Sie an der Uhr am Strandvorplatz nach rechts in den Ort abbiegen. Bitte \u00fcberqueren Sie noch die erste Kreuzung und folgen Sie der Stra\u00dfe am Hotel zur Post und der Sparkasse vorbei ca. 300 m.<\/p>\n<p>Hier finden Sie auf der rechten Seite das &#8222;Kraml\u00e4dchen&#8220;.<\/p>\n<p>In dem Gesch\u00e4ft m\u00fcssen Sie auf jeden Fall ein wenig Geld ausgeben.<\/p>\n<p>Das &#8222;Kraml\u00e4dchen&#8220; bezaubert durch ein Angebot, welches so viele verschiedene Geschmacksrichtungen bedient, dass man es einfach lieben muss. Der Inhaber Eddi Ehrke ist ein echtes Unikat, mindestens so spannend wie sein Laden und f\u00fcr ein vergn\u00fcgliches Gespr\u00e4ch immer zu begeistern. Sie werden ganz sicher Ihren Spa\u00df haben und nebenbei ein Mitbringsel f\u00fcr Zuhause finden. Hier findet jeder etwas. Geht gar nicht anders.<\/p>\n<p>Von Bansin fahren Sie jetzt entlang der Promenade nach Heringsdorf, dem vielleicht namhaftesten Seebad auf der Insel. F\u00fcr das Spielkasino werden Sie vermutlich gerade suboptimal gekleidet sein, aber die neue Seebr\u00fccke bietet sich daf\u00fcr als interessante Alternative an. Nur 100 m weiter finden Sie in der Maison Vouge ein weiteres sehr imposantes Geb\u00e4ude, welches eine kleine Pause und ein wenig Bewunderung durchaus verdient.<\/p>\n<p>F\u00fcrwahr &#8211; Usedom ist kein Shoppingparadies &#8211; aber in Heringsdorf erschlie\u00dfen sich endlich einmal ein paar M\u00f6glichkeiten, das Konto Ihrer Kreditkarte ein wenig zu strapazieren. Hier gibts nette Boutiquen mit h\u00fcbschen Klamotten. Also entweder jetzt zuschlagen oder f\u00fcr einen Wolkentag aufheben. Ein h\u00fcbsches neues Teil im Schrank erinnert lange an einen phantastischen Tag&#8230;<\/p>\n<p>Die letzte Station dieser Tour ist Ahlbeck.<\/p>\n<p>Der Weg dorthin f\u00fchrt weiterhin entlang der D\u00fcnen und der h\u00fcbschen alten Villen der Kaiserb\u00e4der. Alle drei Seeb\u00e4der bilden zumindest am Meer eine fast zusammenh\u00e4ngende Einheit, so dass Sie die Ortsgrenzen kaum wahrnehmen werden. Der Radweg verl\u00e4uft l\u00e4ngs der Promenade und ist nur schwer zu verfehlen. Historisch und ein absoluter Pflichtbestandteil dieser kleinen Tour ist die Seebr\u00fccke von Ahlbeck. Sie haben einen sch\u00f6nen Ausblick auf die Insel Wollin und die Hafeneinfahrt von Swinem\u00fcnde.<\/p>\n<p>Hier endet unser kleiner Ausflug. Sie k\u00f6nnen jetzt mit der Usedomer B\u00e4derbahn nach Zinnowitz zur\u00fcck fahren, oder Sie wenden einfach Ihr Bike und radeln. Viel Spa\u00df.<\/p>\n<h1>Radtouren ab Koserow<\/h1>\n<p>Organisatorisches: Woher kriege ich ein Fahrrad? Sie k\u00f6nnen in Koserow an verschiedenen Stellen R\u00e4der leihen. Ich habe Ihnen als kleinen Service eine Adresse beigef\u00fcgt. Internet gibts leider weder bei Ortmanns noch bei den anderen Fahrradverleihern &#8211; jedenfalls aktuell. Schade &#8211; aber so ist es halt&#8230;<\/p>\n<p>Fahrrad Ortmann<br \/>\nBahnhofstra\u00dfe 4<br \/>\n17459 Koserow<br \/>\nTelefon: 038375-21360<\/p>\n<p>Alternative: Sie rufen Kruggel in Zinnowitz an und lassen sich f\u00fcr eine Woche die R\u00e4der nach Koserow liefern. Die Firma Kruggel holt die R\u00e4der auch wieder ab. Echte Profis, dienstleistungsorientiert und auch noch freundlich dabei. Wie gut, dass es so etwas Sch\u00f6nes noch gibt&#8230;<\/p>\n<p><a href=\"http:\/\/www.fahrradverleih-usedom.de\">www.fahrradverleih-usedom.de<\/a><\/p>\n<p>Tour 1<br \/>\nAusgangspunkt dieser kleinen Tour ist Ihre Wohnanlage. Sie erreichen den Radweg, wenn Sie der Meinholdstra\u00dfe nach Norden in Richtung des Streckelberges ca. 300 m folgen und am Waldrand noch ca. 100 m gerade aus fahren. An dieser Stelle queren Sie den Radwanderweg l\u00e4ngs der K\u00fcste.<\/p>\n<p>Die Tour f\u00fchrt von hier nach Osten weiter l\u00e4ngs der K\u00fcstenlinie Richtung K\u00f6lpinsee. Der See liegt Ihnen zur rechten Hand und die Ostsee haben Sie st\u00e4ndig an backbord liegen &#8211; also links oder n\u00f6rdlich.<\/p>\n<p>In K\u00f6lpinsee gibt es einen recht urigen kleinen Imbiss, den ich Ihnen gerne empfehlen m\u00f6chte. Der ger\u00e4ucherte Heilbutt schmeckt wirklich verdammt gut. Also &#8211; auf dem letzten Drittel des Sees auf der linken Seite finden Sie ein paar alte Fischerh\u00fctten, den besagten Imbiss in einer kleinen Holzh\u00fctte und einen feinen Platz zum Rasten.<\/p>\n<p>Sie sitzen quasi direkt auf der D\u00fcne, haben einen unglaublich sch\u00f6nen Blick auf das Meer und das Rauschen der gro\u00dfen Pappeln und der Wellen als unbezahlbare kostenlose Beigabe. Ein kleines Bad in der See bietet sich hier auch an. Der FKK &#8211; Strand liegt nur 100 m \u00f6stlich von Ihnen und ist in 2 Minuten erreicht &#8211; oder Sie haben an Badezeug gedacht, dann brauchen Sie wirklich nur &#8222;2 x hinfallen&#8220; und liegen im Wasser. Endgeil &#8211; in der Sprache der Jugend.<\/p>\n<p>Auf den n\u00e4chsten Kilometern gelangen Sie \u00fcber Stubbenfelde und \u00dcckeritz auf dem Radweg nach Bansin &#8211; einem tollen historischen Seebad.<\/p>\n<p>In Bansin sollten Sie sich etwas Zeit nehmen. Eines der faszinierendsten Architekturensembles der Insel finden Sie in der Bansiner Bergstra\u00dfe. Diese verl\u00e4uft parallel zum westlichen Teil der Promenade. Die Villen der Gr\u00fcnderzeit bilden eine sehr homogene Einheit, sind jedoch trotzdem vielgestaltig und spannend. F\u00fcr Architekturfans sicher ein absoluter Leckerbissen.<\/p>\n<p>Aber der Ort bietet noch mehr. Achtung &#8211; jetzt kommen die &#8222;echten Insidertips&#8220;! Unbedingt sollten Sie an der Uhr am Strandvorplatz nach rechts in den Ort abbiegen. Bitte \u00fcberqueren Sie noch die erste Kreuzung und folgen Sie der Stra\u00dfe am Hotel zur Post und der Sparkasse vorbei ca. 300 m. Hier finden Sie auf der rechten Seite das &#8222;Kraml\u00e4dchen&#8220;.<\/p>\n<p>In dem Gesch\u00e4ft k\u00f6nnen Sie auf jeden Fall ein wenig Geld ausgeben. Das &#8222;Kraml\u00e4dchen&#8220; bezaubert durch ein Angebot, welches so viele verschiedene Geschmacksrichtungen bedient, dass man es einfach lieben muss. Der Inhaber Eddi Ehrke ist ein Unikat, so spannend wie sein Laden und f\u00fcr ein vergn\u00fcgliches Gespr\u00e4ch immer zu haben. Sie werden ganz sicher Ihren Spa\u00df haben und nebenbei ein Mitbringsel f\u00fcr Zuhause finden. Hier findet eigentlich jeder etwas. Geht nicht anders.<\/p>\n<p>Von Bansin fahren Sie jetzt entlang der Promenade nach Heringsdorf, dem vielleicht namhaftesten Seebad auf der Insel. F\u00fcr das Spielkasino werden Sie vermutlich gerade suboptimal gekleidet sein, aber die neue Seebr\u00fccke bietet sich daf\u00fcr als interessante Alternative an.<\/p>\n<p>Nur 100 m weiter finden Sie in der Maison Vouge ein weiteres sehr imposantes Geb\u00e4ude, welches eine kleine Pause und ein wenig Bewunderung durchaus verdient.<\/p>\n<p>F\u00fcrwahr &#8211; Usedom ist kein Shoppingparadies &#8211; aber in Heringsdorf erschlie\u00dfen sich auch endlich einmal ein paar M\u00f6glichkeiten, das Konto Ihrer Kreditkarte ein wenig zu strapazieren. Hier gibts nette Boutiquen mit h\u00fcbschen Klamotten. Also entweder jetzt zuschlagen oder f\u00fcr einen Wolkentag aufheben.<\/p>\n<p>Die letzte Station dieser Tour ist Ahlbeck.<\/p>\n<p>Der Weg dorthin f\u00fchrt weiterhin entlang der D\u00fcnen und der h\u00fcbschen alten Villen der Kaiserb\u00e4der. Alle drei Seeb\u00e4der bilden zumindest am Meer eine fast zusammenh\u00e4ngende Einheit, so dass Sie die Ortsgrenzen kaum wahrnehmen werden. Der Radweg verl\u00e4uft l\u00e4ngs der Promenade und ist nur schwer zu verfehlen. Historisch und ein absoluter Pflichtbestandteil dieser kleinen Tour ist die Seebr\u00fccke von Ahlbeck. Der alte Holzschuppen von Peter Kaufmann und Co. ist quasi ein Pflichtfoto. Kulinarische H\u00f6hepunkte gibt es bei Peter nur bedingt, aber Sie genie\u00dfen einen unglaublich sch\u00f6nen Ausblick auf die Insel Wollin und die Hafeneinfahrt von Swinem\u00fcnde. Und bei der Aussicht schmeckt Eis garantiert. Peter ist auch Insider wenn es um Fragen des Usedomer Nachtlebens geht. Der Mann ist super freundlich, immer zuvorkommend und eine hervorragende Wahl, wenn Sie als Dame den abendlichen Cocktail nicht alleine trinken m\u00f6chten.<\/p>\n<p>Hier endet unser kleiner Ausflug. Sie k\u00f6nnen jetzt mit der Usedomer B\u00e4derbahn nach Koserow zur\u00fcck fahren, oder Sie wenden einfach Ihr Bike und radeln.<\/p>\n<p>Viel Spa\u00df.<\/p>\n","protected":false},"excerpt":{"rendered":"<p>Radtouren ab Zinnowitz Organisatorisches: Sie haben kein Rad? Einen super freundlichen und hilfsbereiten Service bietet die Familie Kruggel in Zinnowitz an. Dort sind Sie gut aufgehoben! Wir lieben es einfach: www.fahrradverleih-usedom.de Tour 1 Sie fahren von Ihrem Appartement Richtung Nord bis zum Radweg l\u00e4ngs der K\u00fcste, der in Zinnowitz unmittelbar hinter der D\u00fcne verl\u00e4uft. Dort &hellip;<\/p>\n<p class=\"read-more\"> <a class=\"\" href=\"https:\/\/achtern-strand.de\/index.php\/aktivitaeten\/radtouren\/\"> <span class=\"screen-reader-text\">Radtouren<\/span> Weiterlesen &raquo;<\/a><\/p>\n","protected":false},"author":1,"featured_media":0,"parent":142,"menu_order":5,"comment_status":"closed","ping_status":"closed","template":"","meta":{"site-sidebar-layout":"default","site-content-layout":"default","ast-global-header-display":"","ast-main-header-display":"","ast-hfb-above-header-display":"","ast-hfb-below-header-display":"","ast-hfb-mobile-header-display":"","site-post-title":"","ast-breadcrumbs-content":"","ast-featured-img":"","footer-sml-layout":"","theme-transparent-header-meta":"","adv-header-id-meta":"","stick-header-meta":"","header-above-stick-meta":"","header-main-stick-meta":"","header-below-stick-meta":"","footnotes":""},"class_list":["post-154","page","type-page","status-publish","hentry"],"_links":{"self":[{"href":"https:\/\/achtern-strand.de\/index.php\/wp-json\/wp\/v2\/pages\/154","targetHints":{"allow":["GET"]}}],"collection":[{"href":"https:\/\/achtern-strand.de\/index.php\/wp-json\/wp\/v2\/pages"}],"about":[{"href":"https:\/\/achtern-strand.de\/index.php\/wp-json\/wp\/v2\/types\/page"}],"author":[{"embeddable":true,"href":"https:\/\/achtern-strand.de\/index.php\/wp-json\/wp\/v2\/users\/1"}],"replies":[{"embeddable":true,"href":"https:\/\/achtern-strand.de\/index.php\/wp-json\/wp\/v2\/comments?post=154"}],"version-history":[{"count":2,"href":"https:\/\/achtern-strand.de\/index.php\/wp-json\/wp\/v2\/pages\/154\/revisions"}],"predecessor-version":[{"id":225,"href":"https:\/\/achtern-strand.de\/index.php\/wp-json\/wp\/v2\/pages\/154\/revisions\/225"}],"up":[{"embeddable":true,"href":"https:\/\/achtern-strand.de\/index.php\/wp-json\/wp\/v2\/pages\/142"}],"wp:attachment":[{"href":"https:\/\/achtern-strand.de\/index.php\/wp-json\/wp\/v2\/media?parent=154"}],"curies":[{"name":"wp","href":"https:\/\/api.w.org\/{rel}","templated":true}]}}