{"id":152,"date":"2018-10-28T16:59:37","date_gmt":"2018-10-28T15:59:37","guid":{"rendered":"http:\/\/achtern-strand.de\/?page_id=152"},"modified":"2018-10-28T18:32:52","modified_gmt":"2018-10-28T17:32:52","slug":"fischen","status":"publish","type":"page","link":"https:\/\/achtern-strand.de\/index.php\/aktivitaeten\/fischen\/","title":{"rendered":"Fischen"},"content":{"rendered":"<p>Sollten Sie ein leidenschaftlicher Angler sein, jemals in Ihrem Leben gerne geangelt haben oder auch nur die leiseste Affinit\u00e4t zu diesem wundervollen Sport besitzen, empfehle ich Ihnen unbedingt, einen Ausflug mit dem Unternehmen ANGELN-EXKLUSIV in Wolgast zu buchen.<\/p>\n<h1><img loading=\"lazy\" decoding=\"async\" class=\"aligncenter size-medium wp-image-23\" src=\"http:\/\/achtern-strand.de\/wp-content\/uploads\/2018\/10\/ae-300x224.jpg\" alt=\"\" width=\"300\" height=\"224\" srcset=\"https:\/\/achtern-strand.de\/wp-content\/uploads\/2018\/10\/ae-300x224.jpg 300w, https:\/\/achtern-strand.de\/wp-content\/uploads\/2018\/10\/ae.jpg 448w\" sizes=\"auto, (max-width: 300px) 100vw, 300px\" \/><\/h1>\n<p>Der Inhaber Stephan Hackbarth ist ein Gott. Jedenfalls ein Angelgott. Buchen Sie bei niemandem sonst! Gehen Sie zu Stephan und g\u00f6nnen Sie sich einen wundervollen Tag mit einem der kl\u00fcgsten, interessantesten, witzigsten Originale dieser Insel.<\/p>\n<p>Zum Gl\u00fcck haben G\u00f6tter in unserer modernen Welt eine Handynummer und einen Internetauftritt.<\/p>\n<p>Handy: 0170 &#8211; 333 97 47<br \/>\nInternet: <a href=\"http:\/\/www.angeln-exklusiv.de\">www.angeln-exklusiv.de<\/a><\/p>\n<p>Stephan Hackbarth und seine Mannschaft befischen die inneren K\u00fcstengew\u00e4sser wie den Peenestrom und die Bodden sowie die offene K\u00fcste bis hin zur Kadettrinne zwischen R\u00fcgen und M\u00f6n.<\/p>\n<p>Die Fangchancen in diesem Revier f\u00fcr einen phantastischen Fisch sind mehr als gut. Hacki &#8211; f\u00fcr Insider &#8211; kennt die Gew\u00e4sser wie seine Hosentasche und wenn es jemanden gibt, der Ihnen zu dem Fisch Ihres Lebens verhelfen kann, dann Stephan.<\/p>\n<p>Wenn es nicht gelingt lag es nicht an Ihnen, es lag auch nicht am Guide &#8211; es sollte einfach nicht sein. Petrus hat es an diesem Tag f\u00fcr Sie nicht vorgesehen. Alles Gute im Leben will erarbeitet sein und Gl\u00fcck muss man sich auch ein wenig verdienen.<\/p>\n<p>Einen unglaublich lehrreichen, erf\u00fcllten, spannenden, spa\u00dfigen Angeltag kann ich Ihnen jedoch mit ehrlichem Gewissen versprechen.<\/p>\n","protected":false},"excerpt":{"rendered":"<p>Sollten Sie ein leidenschaftlicher Angler sein, jemals in Ihrem Leben gerne geangelt haben oder auch nur die leiseste Affinit\u00e4t zu diesem wundervollen Sport besitzen, empfehle ich Ihnen unbedingt, einen Ausflug mit dem Unternehmen ANGELN-EXKLUSIV in Wolgast zu buchen. Der Inhaber Stephan Hackbarth ist ein Gott. Jedenfalls ein Angelgott. Buchen Sie bei niemandem sonst! Gehen Sie &hellip;<\/p>\n<p class=\"read-more\"> <a class=\"\" href=\"https:\/\/achtern-strand.de\/index.php\/aktivitaeten\/fischen\/\"> <span class=\"screen-reader-text\">Fischen<\/span> Weiterlesen &raquo;<\/a><\/p>\n","protected":false},"author":1,"featured_media":0,"parent":142,"menu_order":5,"comment_status":"closed","ping_status":"closed","template":"","meta":{"site-sidebar-layout":"default","site-content-layout":"default","ast-global-header-display":"","ast-main-header-display":"","ast-hfb-above-header-display":"","ast-hfb-below-header-display":"","ast-hfb-mobile-header-display":"","site-post-title":"","ast-breadcrumbs-content":"","ast-featured-img":"","footer-sml-layout":"","theme-transparent-header-meta":"","adv-header-id-meta":"","stick-header-meta":"","header-above-stick-meta":"","header-main-stick-meta":"","header-below-stick-meta":"","footnotes":""},"class_list":["post-152","page","type-page","status-publish","hentry"],"_links":{"self":[{"href":"https:\/\/achtern-strand.de\/index.php\/wp-json\/wp\/v2\/pages\/152","targetHints":{"allow":["GET"]}}],"collection":[{"href":"https:\/\/achtern-strand.de\/index.php\/wp-json\/wp\/v2\/pages"}],"about":[{"href":"https:\/\/achtern-strand.de\/index.php\/wp-json\/wp\/v2\/types\/page"}],"author":[{"embeddable":true,"href":"https:\/\/achtern-strand.de\/index.php\/wp-json\/wp\/v2\/users\/1"}],"replies":[{"embeddable":true,"href":"https:\/\/achtern-strand.de\/index.php\/wp-json\/wp\/v2\/comments?post=152"}],"version-history":[{"count":2,"href":"https:\/\/achtern-strand.de\/index.php\/wp-json\/wp\/v2\/pages\/152\/revisions"}],"predecessor-version":[{"id":226,"href":"https:\/\/achtern-strand.de\/index.php\/wp-json\/wp\/v2\/pages\/152\/revisions\/226"}],"up":[{"embeddable":true,"href":"https:\/\/achtern-strand.de\/index.php\/wp-json\/wp\/v2\/pages\/142"}],"wp:attachment":[{"href":"https:\/\/achtern-strand.de\/index.php\/wp-json\/wp\/v2\/media?parent=152"}],"curies":[{"name":"wp","href":"https:\/\/api.w.org\/{rel}","templated":true}]}}