{"id":150,"date":"2018-10-28T16:58:02","date_gmt":"2018-10-28T15:58:02","guid":{"rendered":"http:\/\/achtern-strand.de\/?page_id=150"},"modified":"2018-10-28T18:33:53","modified_gmt":"2018-10-28T17:33:53","slug":"seebaeder","status":"publish","type":"page","link":"https:\/\/achtern-strand.de\/index.php\/aktivitaeten\/seebaeder\/","title":{"rendered":"Seeb\u00e4der"},"content":{"rendered":"<h1>Seebad Zinnowitz<\/h1>\n<p>Ostseebad Zinnowitz heute&#8230; ein junges, modernes, lebendiges und schickes Seebad. Der Ort verbindet eine lange Tradition in spielerischer Leichtigkeit mit den touristischen Anforderungen des neuen Jahrtausends.<\/p>\n<p>Die alten Villen wurden sorgf\u00e4ltig und liebevoll restauriert. Interessante Ensembles k\u00f6nnen Sie fast \u00fcberall entdecken.<\/p>\n<p>In den Sommermonaten finden Sie am Strand Surf und Segelschulen. Banane-fahren im Urlaub macht ja immer Spa\u00df.<\/p>\n<p>Die Bernsteinterme soll der n\u00e4chste Tip sein. Das Schwimmbad stammt noch aus den DDR-Zeiten, wurde aber nett verj\u00fcngt. Neu ist ein h\u00fcbscher Spa\u00dfbereich und ein ganzj\u00e4hrig beheiztes Aussenbecken. Planschen unterm Sternenhimmel bei 0 Grad Lufttemperatur ist ein herrlicher Spa\u00df in einer kalten Winternacht in Zinnowitz.<\/p>\n<p>Durch einen unterirdischen Tunnel gelangen Sie vom Bad in die Strandsauna. Hier k\u00f6nnen Sie regelm\u00e4\u00dfig auch in die Mitternachtssauna gehen. Gerade im Winter ein unendlich angenehmes Vergn\u00fcgen.<\/p>\n<p>Die Strandsauna ist auch der Grund, warum es passieren kann, dass sich auf H\u00f6he des Hotel &#8222;Baltic&#8220; jemand urpl\u00f6tzlich unmittelbar vor Ihnen dem Bademantel springt und in die Fluten steigt.<\/p>\n<p>Ja &#8211; diesen Menschen ist sehr warm! Nein &#8211; es liegt nicht an Ihnen! In der Regel sind das Saunafreunde mit einem kleinen W\u00e4rmestau&#8230;<\/p>\n<p>Details unter www.bernsteintherme.de.<\/p>\n<p>\u00dcbrigens &#8211; baden im Winter ist der ultimative Freizeittip!<\/p>\n<p>Und wenn Sie jetzt hier schreien und sich wirklich jung f\u00fchlen, gehen Sie nach dem tanzen an den Strand, werfen die Klamotten in den Sand und springen ins Meer &#8211; der aufgehenden Sonne entgegen. So k\u00f6nnte ein Tag in Zinnowitz sein&#8230;<\/p>\n<h1>Zinnowitz damals&#8230;<\/h1>\n<p>Die Urkunde Nr. 2458 des Pommerschen Urkundenbuches, signiert am 11.02.1309, erw\u00e4hnt diesen Ort zum ersten Mal. Aus dem damaligen &#8222;Tzys&#8220; wurde im Verlauf der wechselhaften Geschichte &#8222;Zinnowitz&#8220; &#8211; eines der sch\u00f6nsten Seeb\u00e4der der deutschen Ostseek\u00fcste.<\/p>\n<p>Als Krumminer Klosterdorf gegr\u00fcndet, war es lange Jahre ein Heimstadt \u00e4rmster Bauern und Tagel\u00f6hner. Vor allem der im Jahre 1618 ausgebrochene 30-j\u00e4hrige Krieg hinterlie\u00df blutige Spuren in der Siedlung.<\/p>\n<p>Am 26. Juni eroberte der Schwedenk\u00f6nig Gustav II. Adolf von Schweden das Land und rund 90 Jahre blieb der Ort unter schwedischer Hoheit.<\/p>\n<p>Der Monarch verlor \u00fcbrigens am 06. November 1632 bei L\u00fctzen, ganz im S\u00fcdosten des heutigen Bundeslandes Sachsen-Anhalt, in einer Schlacht gegen das kaiserlich &#8211; katholische Heer unter Albrecht von Wallenstein sein Leben. Die Schlacht gewannen die protestantischen Kriegsparteien jedoch. Das Eingreifen der Schweden hatte vom allem f\u00fcr die evangelische Christenheit eine sehr gro\u00dfe Bedeutung. Ohne die Hilfe der Truppen von Gustav Adolf w\u00e4ren im 17. Jahrhundert wohl gro\u00dfe Teile Nordeuropas wieder katholisch geworden.<\/p>\n<p>Wenn Sie Usedom \u00fcber Wolgast wieder verlassen und auf der Br\u00fccke nach Westen schauen, sehen Sie eine kleine bewaldete Erhebung, links neben der gro\u00dfen freistehenden Pappel. Im Volksmund nennt sich dieser Ort &#8222;Gustav Adolf &#8211; Schlucht&#8220;. Hier wurde der einbalsamierte Leichnam des K\u00f6nigs nach Stockholm eingeschifft.<\/p>\n<p>Die alte Mutter von Zinnowitz, der Ort Krummin, ist heute ein beschauliches romantisches D\u00f6rfchen mit einer faszinierenden Kirche und einem sehr sch\u00f6nen Hafen an der Krumminer Wieck. Ideal f\u00fcr einen kleinen Ausflug am Nachmittag.<\/p>\n<p>Sie haben direkt am Hafen im Sommer auf einem alten Schiff auch gute Chancen auf einen kleinen leckeren Snack. Die sch\u00f6nste Jahreszeit f\u00fcr diesen Ausflug sind die Monate von Mai bis September. Dann lebt der Hafen, die Wanten klappern und das Schilf sowie die hohen B\u00e4ume um die Kirche schaffen eine wundervolle Stimmung.<\/p>\n<p>Neue Kriege, resultierend aus dem B\u00fcndnis Schwedens mit Frankreich gegen Brandenburg-Preu\u00dfen und Russland, f\u00fchrten 1674 &#8211; 1679 zu neuen K\u00e4mpfen. Am Ende des Nordischen Krieges schlie\u00dflich &#8211; im Jahre 1720 &#8211; kam die Insel Usedom an Brandenburg-Preu\u00dfen.<\/p>\n<p>Das kleine Dorf, lediglich noch von 5 Bauern bewohnt, nannte sich zu dieser Zeit &#8222;Zitz&#8220;.<\/p>\n<p>Im Jahr 1751 wurde der Ort preu\u00dfische Dom\u00e4ne und erhielt den amtlichen Namen &#8222;Zinnowitz&#8220;. Kolonisten kamen ins Land, bevorzugt aus Holland, Schweden, D\u00e4nemark, aber auch aus allen Provinzen Deutschlands. Im 19. Jahrhundert begann Zinnowitz die Wandlung vom Bauerndorf zum Seebad zu vollziehen.<\/p>\n<p>Die B\u00fcrger hatten schnell die Zeichen der Zeit verstanden, sahen die Entwicklung der B\u00e4der Mistroy, Swinem\u00fcnde, Ahlbeck und Heringsdorf und stellten an den k\u00f6niglichen Landrat zu Swinem\u00fcnde den Antrag, hier die Errichtung eines Seebades zu gestatten.<\/p>\n<p>Schon 1851 wurde Zinnowitz Seebad und prosperierte unaufhaltsam an dem aufstrebenden Badetourismus.<\/p>\n<p>Aus dem vertr\u00e4umten \u00d6rtchen wurde nach und nach eines der sch\u00f6nsten Ostseeb\u00e4der der Insel Usedom. Im Jahr 1880 er\u00f6ffnete unmittelbar auf der D\u00fcne gelegen das &#8222;Strandhotel&#8220; und am 01. Juli 1900 &#8222;Schwabes Hotel&#8220;. Beide H\u00e4user k\u00f6nnen Sie heute noch im Ort bestaunen. &#8222;Schwabes Hotel firmiert unter &#8222;Palace-Hotel&#8220;.<\/p>\n<p>Zinnowitz umgab sich in dieser Zeit immer mehr mit dem Flair eines modernen Seebades, das nicht nur mittelst\u00e4ndische Urlauber anzog, sondern in zunehmendem Ma\u00dfe Vertreter des Adels und der Hochfinanz. Selbst der Kronprinz von Preu\u00dfen nahm seinen Kuraufenthalt im damaligen &#8222;Strandhotel&#8220;. Sie werden nicht erraten, unter welchem Namen Sie das schmucke Haus heute in Zinnowitz finden?<\/p>\n<p>F\u00fcr Langschl\u00e4fer noch ein Tip. Im &#8222;Preu\u00dfenhof&#8220; gibt auch um 11:00 Uhr noch ein sehr leckeres Fr\u00fchst\u00fcck &#8211; falls im K\u00fchlschrank die Maus die wei\u00dfe Fahne hisst.<\/p>\n<p>Die Jahre des ersten und zweiten Weltkrieges gingen an Zinnowitz nicht spurlos vor\u00fcber. Die Zahl der Kuraufenthalte verringerte sich sp\u00fcrbar und f\u00fcr viele Fl\u00fcchtlinge aus den pommerschen Gebieten musste Unterkunft und Brot gefunden werden.<\/p>\n<p>Nach dem zweiten Weltkrieg begann Zinnowitz seinen Weg als Kurbad fortzusetzen. Die SDAG (Sowjetisch-Deutsche-Aktien-Gesellschaft) Wissmut, die im Erzgebirge Uranerz abbaute, machte aus dem von der Natur beg\u00fcnstigten Seebad ein Erholungszentrum f\u00fcr ihre Bergarbeiter.<\/p>\n<p>Die Meerwasserschwimmhalle und das Hotel &#8222;Baltic&#8220; seinerzeit &#8222;Roter Oktober&#8220; stammen aus dieser \u00c4ra des Ortes.<\/p>\n<p>In den 90 er Jahren erlebte der Ort eine Renaissance seiner Entwicklung.<\/p>\n<p>Viele aktuelle Bilder von Zinnowitz finden Sie unter http:\/\/www.insel-usedom.net\/zinnowitz1.htm &#8211; schauen Sie doch einfach vorbei.<\/p>\n<h1>Geschichtliches \u00fcber Koserow<\/h1>\n<p>Koserow , erstmals im Jahre 1347 als Cuzerowe urkundlich erw\u00e4hnt, ist eine der \u00e4ltesten Siedlungen auf der Insel Usedom und die Koserower Kirche, bereits Ende des 13. Jahrhunderts als Feldsteinkirche erbaut, ist die \u00e4lteste Kirche an der Usedomer Ostseek\u00fcste.<\/p>\n<p>Der Name des Ortes steht auf unserer Insel immer auch f\u00fcr eine spannende Historie. So soll vor der K\u00fcste von Koserow einst die sagenhafte Stadt Vineta gelegen haben. Auch der gef\u00fcrchtete Seer\u00e4uber &#8222;Claus St\u00f6rtebeker&#8220; hatte in den H\u00f6hlen des Streckelsberges einst einen Schlupfwinkel. So will es die Sage.. Der Koserower Pfarrer Wilhelm Meinhold verfasste nach alten Kirchenb\u00fcchern den Roman &#8222;Die Bernsteinhexe&#8220;, der im Jahre 1843 erschien.<\/p>\n<p>Das Gebiet zwischen Koserow und Zempin ist mit nur 300 m Land zwischen Ostsee und Achterwasser die schmalste Stelle der Insel.<\/p>\n<p>An dieser schmalsten Stelle der Insel Usedom befindet sich heute &#8222;L\u00fcttenort&#8220;, die ehemalige Wirkungsst\u00e4tte des bekannten Malers Otto Niemeyer Holsteins.<\/p>\n<p>Wenn Sie sich ein wenig f\u00fcr Malerei interessieren, sollte &#8222;L\u00fcttenort&#8220; ein kleiner &#8222;Pflichtbaustein&#8220; Ihre Urlaubes sein &#8211; es wird Ihnen bestimmt gefallen&#8230;<\/p>\n<p>Eine weitere hitorische Sehensw\u00fcrdigkeit sind die Koserower Salzh\u00fctten. Sie wurden um 1820 im Zuge einer von der k\u00f6niglichen Regierung angeregten Ma\u00dfnahme zur F\u00f6rderung der Strandfischerei an der ganzen Usedomer K\u00fcste errichtet und dienten anfangs als Lager f\u00fcr steuerfreies, vom Staat geliefertes Steinsalz. W\u00e4hrend der Heringsfangzeit wurde in diesen H\u00fctten der Hering unter staatlicher Aufsicht gesalzen und verpackt. Heute k\u00f6nnen Sie hier leckeren R\u00e4ucherfisch kaufen, sehr nett in einer urigen Gastst\u00e4tte Fisch essen oder nach einem langen Strandspaziergang im Winter einen feinen Rum mit Tee trinken.<\/p>\n<p>Mein pers\u00f6nlicher Favorit &#8211; wenn drau\u00dfen st\u00fcrmt, ist die kleine H\u00fctte am gem\u00fctlichsten&#8230;<\/p>\n<h1>Seebad Koserow<\/h1>\n<p>Und damit wird es langsam Zeit in die Neuzeit zu springen! Koserow z\u00e4hlt noch immer zu den Geheimtips der Seeb\u00e4der auf der Insel Usedom. Relativ klein, recht \u00fcberschaubar, noch nicht \u00fcberf\u00fcllt und trotzdem voller charmanter Eindr\u00fccke.<\/p>\n<p>Die alten Villen des Seebades sind mittlerweile liebevoll restauriert. Nat\u00fcrlich hat das kleine schmucke Seebad eine tolle Seebr\u00fccke und einen h\u00fcbschen Seebr\u00fcckenvorplatz. Selbstverst\u00e4ndlich finden Sie mehr Gastst\u00e4tten, als Sie in 14 Tagen Urlaub ausprobieren k\u00f6nnen. Kurkonzerte, kleine Feten, ein Seebr\u00fcckenfest und Konzerte in der alten Kirche runden das Angebot ab. Reizvoll ist der Steckelsberg und wirklich Eindrucksvoll ist am vielen Abenden der Blick von der Steilk\u00fcste des Berges \u00fcber die weite See.<\/p>\n<p>Gute Gr\u00fcnde also, dem Seebad Koserow ein paar Urlaubstage zu widmen.<\/p>\n","protected":false},"excerpt":{"rendered":"<p>Seebad Zinnowitz Ostseebad Zinnowitz heute&#8230; ein junges, modernes, lebendiges und schickes Seebad. Der Ort verbindet eine lange Tradition in spielerischer Leichtigkeit mit den touristischen Anforderungen des neuen Jahrtausends. Die alten Villen wurden sorgf\u00e4ltig und liebevoll restauriert. Interessante Ensembles k\u00f6nnen Sie fast \u00fcberall entdecken. In den Sommermonaten finden Sie am Strand Surf und Segelschulen. Banane-fahren im &hellip;<\/p>\n<p class=\"read-more\"> <a class=\"\" href=\"https:\/\/achtern-strand.de\/index.php\/aktivitaeten\/seebaeder\/\"> <span class=\"screen-reader-text\">Seeb\u00e4der<\/span> Weiterlesen &raquo;<\/a><\/p>\n","protected":false},"author":1,"featured_media":0,"parent":142,"menu_order":4,"comment_status":"closed","ping_status":"closed","template":"","meta":{"site-sidebar-layout":"default","site-content-layout":"default","ast-global-header-display":"","ast-main-header-display":"","ast-hfb-above-header-display":"","ast-hfb-below-header-display":"","ast-hfb-mobile-header-display":"","site-post-title":"","ast-breadcrumbs-content":"","ast-featured-img":"","footer-sml-layout":"","theme-transparent-header-meta":"","adv-header-id-meta":"","stick-header-meta":"","header-above-stick-meta":"","header-main-stick-meta":"","header-below-stick-meta":"","footnotes":""},"class_list":["post-150","page","type-page","status-publish","hentry"],"_links":{"self":[{"href":"https:\/\/achtern-strand.de\/index.php\/wp-json\/wp\/v2\/pages\/150","targetHints":{"allow":["GET"]}}],"collection":[{"href":"https:\/\/achtern-strand.de\/index.php\/wp-json\/wp\/v2\/pages"}],"about":[{"href":"https:\/\/achtern-strand.de\/index.php\/wp-json\/wp\/v2\/types\/page"}],"author":[{"embeddable":true,"href":"https:\/\/achtern-strand.de\/index.php\/wp-json\/wp\/v2\/users\/1"}],"replies":[{"embeddable":true,"href":"https:\/\/achtern-strand.de\/index.php\/wp-json\/wp\/v2\/comments?post=150"}],"version-history":[{"count":2,"href":"https:\/\/achtern-strand.de\/index.php\/wp-json\/wp\/v2\/pages\/150\/revisions"}],"predecessor-version":[{"id":227,"href":"https:\/\/achtern-strand.de\/index.php\/wp-json\/wp\/v2\/pages\/150\/revisions\/227"}],"up":[{"embeddable":true,"href":"https:\/\/achtern-strand.de\/index.php\/wp-json\/wp\/v2\/pages\/142"}],"wp:attachment":[{"href":"https:\/\/achtern-strand.de\/index.php\/wp-json\/wp\/v2\/media?parent=150"}],"curies":[{"name":"wp","href":"https:\/\/api.w.org\/{rel}","templated":true}]}}