{"id":1455,"date":"2022-05-19T23:22:38","date_gmt":"2022-05-19T21:22:38","guid":{"rendered":"https:\/\/achtern-strand.de\/?page_id=1455"},"modified":"2022-05-30T11:44:50","modified_gmt":"2022-05-30T09:44:50","slug":"abenteuer-usedom","status":"publish","type":"page","link":"https:\/\/achtern-strand.de\/index.php\/abenteuer-usedom\/","title":{"rendered":"Abenteuer Usedom"},"content":{"rendered":"\t\t<div data-elementor-type=\"wp-page\" data-elementor-id=\"1455\" class=\"elementor elementor-1455\">\n\t\t\t\t\t\t\t\t\t<section class=\"elementor-section elementor-top-section elementor-element elementor-element-83746e8 elementor-section-height-min-height elementor-section-boxed elementor-section-height-default elementor-section-items-middle\" data-id=\"83746e8\" data-element_type=\"section\" data-settings=\"{&quot;background_background&quot;:&quot;classic&quot;}\">\n\t\t\t\t\t\t\t<div class=\"elementor-background-overlay\"><\/div>\n\t\t\t\t\t\t\t<div class=\"elementor-container elementor-column-gap-default\">\n\t\t\t\t\t<div class=\"elementor-column elementor-col-100 elementor-top-column elementor-element elementor-element-09faee3\" data-id=\"09faee3\" data-element_type=\"column\">\n\t\t\t<div class=\"elementor-widget-wrap elementor-element-populated\">\n\t\t\t\t\t\t\t\t<div class=\"elementor-element elementor-element-731bfd7 elementor-widget elementor-widget-heading\" data-id=\"731bfd7\" data-element_type=\"widget\" data-widget_type=\"heading.default\">\n\t\t\t\t<div class=\"elementor-widget-container\">\n\t\t\t<style>\/*! elementor - v3.8.1 - 13-11-2022 *\/\n.elementor-heading-title{padding:0;margin:0;line-height:1}.elementor-widget-heading .elementor-heading-title[class*=elementor-size-]>a{color:inherit;font-size:inherit;line-height:inherit}.elementor-widget-heading .elementor-heading-title.elementor-size-small{font-size:15px}.elementor-widget-heading .elementor-heading-title.elementor-size-medium{font-size:19px}.elementor-widget-heading .elementor-heading-title.elementor-size-large{font-size:29px}.elementor-widget-heading .elementor-heading-title.elementor-size-xl{font-size:39px}.elementor-widget-heading .elementor-heading-title.elementor-size-xxl{font-size:59px}<\/style><h1 class=\"elementor-heading-title elementor-size-default\">Abenteuer auf Usedom<\/h1>\t\t<\/div>\n\t\t\t\t<\/div>\n\t\t\t\t\t<\/div>\n\t\t<\/div>\n\t\t\t\t\t\t\t<\/div>\n\t\t<\/section>\n\t\t\t\t<section class=\"elementor-section elementor-top-section elementor-element elementor-element-5bdbae2 elementor-section-boxed elementor-section-height-default elementor-section-height-default\" data-id=\"5bdbae2\" data-element_type=\"section\">\n\t\t\t\t\t\t<div class=\"elementor-container elementor-column-gap-default\">\n\t\t\t\t\t<div class=\"elementor-column elementor-col-100 elementor-top-column elementor-element elementor-element-8f4f289\" data-id=\"8f4f289\" data-element_type=\"column\">\n\t\t\t<div class=\"elementor-widget-wrap elementor-element-populated\">\n\t\t\t\t\t\t\t\t<section class=\"elementor-section elementor-inner-section elementor-element elementor-element-6fdacbc elementor-section-boxed elementor-section-height-default elementor-section-height-default\" data-id=\"6fdacbc\" data-element_type=\"section\">\n\t\t\t\t\t\t<div class=\"elementor-container elementor-column-gap-default\">\n\t\t\t\t\t<div class=\"elementor-column elementor-col-50 elementor-inner-column elementor-element elementor-element-bd7429f\" data-id=\"bd7429f\" data-element_type=\"column\">\n\t\t\t<div class=\"elementor-widget-wrap elementor-element-populated\">\n\t\t\t\t\t\t\t\t<div class=\"elementor-element elementor-element-03693ab elementor-widget elementor-widget-image\" data-id=\"03693ab\" data-element_type=\"widget\" data-widget_type=\"image.default\">\n\t\t\t\t<div class=\"elementor-widget-container\">\n\t\t\t<style>\/*! elementor - v3.8.1 - 13-11-2022 *\/\n.elementor-widget-image{text-align:center}.elementor-widget-image a{display:inline-block}.elementor-widget-image a img[src$=\".svg\"]{width:48px}.elementor-widget-image img{vertical-align:middle;display:inline-block}<\/style>\t\t\t\t\t\t\t\t\t\t\t\t<img loading=\"lazy\" decoding=\"async\" width=\"1024\" height=\"682\" src=\"https:\/\/achtern-strand.de\/wp-content\/uploads\/2022\/05\/Insel6-1024x682.jpg\" class=\"attachment-large size-large\" alt=\"\" srcset=\"https:\/\/achtern-strand.de\/wp-content\/uploads\/2022\/05\/Insel6-1024x682.jpg 1024w, https:\/\/achtern-strand.de\/wp-content\/uploads\/2022\/05\/Insel6-300x200.jpg 300w, https:\/\/achtern-strand.de\/wp-content\/uploads\/2022\/05\/Insel6-768x512.jpg 768w, https:\/\/achtern-strand.de\/wp-content\/uploads\/2022\/05\/Insel6-1536x1024.jpg 1536w, https:\/\/achtern-strand.de\/wp-content\/uploads\/2022\/05\/Insel6-624x416.jpg 624w, https:\/\/achtern-strand.de\/wp-content\/uploads\/2022\/05\/Insel6.jpg 1688w\" sizes=\"auto, (max-width: 1024px) 100vw, 1024px\" \/>\t\t\t\t\t\t\t\t\t\t\t\t\t\t\t<\/div>\n\t\t\t\t<\/div>\n\t\t\t\t\t<\/div>\n\t\t<\/div>\n\t\t\t\t<div class=\"elementor-column elementor-col-50 elementor-inner-column elementor-element elementor-element-1a1247d\" data-id=\"1a1247d\" data-element_type=\"column\">\n\t\t\t<div class=\"elementor-widget-wrap elementor-element-populated\">\n\t\t\t\t\t\t\t\t<div class=\"elementor-element elementor-element-3f4832a elementor-widget elementor-widget-heading\" data-id=\"3f4832a\" data-element_type=\"widget\" data-widget_type=\"heading.default\">\n\t\t\t\t<div class=\"elementor-widget-container\">\n\t\t\t<h4 class=\"elementor-heading-title elementor-size-default\">VIP-Insel Tour<\/h4>\t\t<\/div>\n\t\t\t\t<\/div>\n\t\t\t\t<div class=\"elementor-element elementor-element-ebee9f6 elementor-widget elementor-widget-text-editor\" data-id=\"ebee9f6\" data-element_type=\"widget\" data-widget_type=\"text-editor.default\">\n\t\t\t\t<div class=\"elementor-widget-container\">\n\t\t\t<style>\/*! elementor - v3.8.1 - 13-11-2022 *\/\n.elementor-widget-text-editor.elementor-drop-cap-view-stacked .elementor-drop-cap{background-color:#818a91;color:#fff}.elementor-widget-text-editor.elementor-drop-cap-view-framed .elementor-drop-cap{color:#818a91;border:3px solid;background-color:transparent}.elementor-widget-text-editor:not(.elementor-drop-cap-view-default) .elementor-drop-cap{margin-top:8px}.elementor-widget-text-editor:not(.elementor-drop-cap-view-default) .elementor-drop-cap-letter{width:1em;height:1em}.elementor-widget-text-editor .elementor-drop-cap{float:left;text-align:center;line-height:1;font-size:50px}.elementor-widget-text-editor .elementor-drop-cap-letter{display:inline-block}<\/style>\t\t\t\t<p>Private Bustour f\u00fcr 2-6 Personen f\u00fcr unsere G\u00e4ste und Neugierige<\/p><p>\u00a0<\/p><p>Start Haus Mare Balticum in Zinnowitz, Dauer ca. 6 Stunden<\/p><p>\u00a0<\/p><p>Wir zeigen euch unsere Insel mit unseren ganz pers\u00f6nlichen Lieblingspl\u00e4tzen. Durch malerische Natur fahren wir zu geschichtstr\u00e4chtigen Orten und versteckten Highlights. Zwischen den einzelnen Etappen erkunden wir die Insel auch zu Fu\u00df und genie\u00dfen ein herzhaftes und reichhaltiges Picknick.<\/p><p>\u00a0<\/p><p>Kontakt Familie Ladenthin, 0172 4207501 \/ 0152 24893594<\/p>\t\t\t\t\t\t<\/div>\n\t\t\t\t<\/div>\n\t\t\t\t\t<\/div>\n\t\t<\/div>\n\t\t\t\t\t\t\t<\/div>\n\t\t<\/section>\n\t\t\t\t<section class=\"elementor-section elementor-inner-section elementor-element elementor-element-e3452a0 elementor-section-boxed elementor-section-height-default elementor-section-height-default\" data-id=\"e3452a0\" data-element_type=\"section\">\n\t\t\t\t\t\t<div class=\"elementor-container elementor-column-gap-default\">\n\t\t\t\t\t<div class=\"elementor-column elementor-col-50 elementor-inner-column elementor-element elementor-element-4d9ab8d\" data-id=\"4d9ab8d\" data-element_type=\"column\">\n\t\t\t<div class=\"elementor-widget-wrap elementor-element-populated\">\n\t\t\t\t\t\t\t\t<div class=\"elementor-element elementor-element-dc79698 elementor-widget elementor-widget-heading\" data-id=\"dc79698\" data-element_type=\"widget\" data-widget_type=\"heading.default\">\n\t\t\t\t<div class=\"elementor-widget-container\">\n\t\t\t<h4 class=\"elementor-heading-title elementor-size-default\">Baltic-Abenteuer Tour<\/h4>\t\t<\/div>\n\t\t\t\t<\/div>\n\t\t\t\t<div class=\"elementor-element elementor-element-1f7f590 elementor-widget elementor-widget-text-editor\" data-id=\"1f7f590\" data-element_type=\"widget\" data-widget_type=\"text-editor.default\">\n\t\t\t\t<div class=\"elementor-widget-container\">\n\t\t\t\t\t\t\t<p>Abenteuer-Bootstour f\u00fcr bis zu 5 Personen<\/p><p>\u00a0<\/p><p>Abholung an der Unterkunft,\u00a0<\/p><p>Dauer ca. 3 Stunden<\/p><p>\u00a0<\/p><p>Die Ostsee mal ganz anders erleben. Mit einem Offshore-Zodiac geht\u2019s raus aufs baltische Meer.<\/p><p>Genie\u00dfen sie die Stille, lassen sie sich von der scheinbar endlosen Weite der Ostsee verzaubern. Auf dem Boot versorgen wir Sie mit kleinen Snacks und Getr\u00e4nken. Wir schippern mit Ihnen vorbei am geschichtstr\u00e4chtigen Peenem\u00fcnde. Auf dem Weg dahin schauen wir bei den Seeadlern vorbei. Nicht garantiert \u2013 aber doch extrem wahrscheinlich werden wir ein paar dieser K\u00f6nige der L\u00fcfte sehen. Hinter Peenem\u00fcnde weitet sich der Blich auf den Greifswalder Bodden und bis hin nach R\u00fcgen. Wir durchqueren den \u00f6stlichen Bodden hin zum Ruden, einer kleinen, unter Naturschutz stehenden, Insel zwischen Usedom und R\u00fcgen im Greifswalder Bodden und nehmen ab dort Kurs zur kleinen Insel Oje. Hier verspreche ich Ihnen einen unvergesslichen Blick auf das gr\u00f6\u00dfte deutsche Raubtier &#8211; die Kegelrobben. Von dort aus geht es dann wieder zur\u00fcck in den Heimathafen nach Zecherin.<\/p><p>\u00a0<\/p><p>Kontakt Familie Ladenthin, 0172 4207501 \/ 0152 24893594<\/p>\t\t\t\t\t\t<\/div>\n\t\t\t\t<\/div>\n\t\t\t\t\t<\/div>\n\t\t<\/div>\n\t\t\t\t<div class=\"elementor-column elementor-col-50 elementor-inner-column elementor-element elementor-element-fa81b57\" data-id=\"fa81b57\" data-element_type=\"column\">\n\t\t\t<div class=\"elementor-widget-wrap elementor-element-populated\">\n\t\t\t\t\t\t\t\t<div class=\"elementor-element elementor-element-0c5b9ab elementor-widget elementor-widget-image\" data-id=\"0c5b9ab\" data-element_type=\"widget\" data-widget_type=\"image.default\">\n\t\t\t\t<div class=\"elementor-widget-container\">\n\t\t\t\t\t\t\t\t\t\t\t\t\t\t\t<img loading=\"lazy\" decoding=\"async\" width=\"1024\" height=\"683\" src=\"https:\/\/achtern-strand.de\/wp-content\/uploads\/2022\/05\/OstseeTour3-1024x683.jpeg\" class=\"attachment-large size-large\" alt=\"\" srcset=\"https:\/\/achtern-strand.de\/wp-content\/uploads\/2022\/05\/OstseeTour3-1024x683.jpeg 1024w, https:\/\/achtern-strand.de\/wp-content\/uploads\/2022\/05\/OstseeTour3-300x200.jpeg 300w, https:\/\/achtern-strand.de\/wp-content\/uploads\/2022\/05\/OstseeTour3-768x512.jpeg 768w, https:\/\/achtern-strand.de\/wp-content\/uploads\/2022\/05\/OstseeTour3-1536x1024.jpeg 1536w, https:\/\/achtern-strand.de\/wp-content\/uploads\/2022\/05\/OstseeTour3-2048x1365.jpeg 2048w, https:\/\/achtern-strand.de\/wp-content\/uploads\/2022\/05\/OstseeTour3-624x416.jpeg 624w\" sizes=\"auto, (max-width: 1024px) 100vw, 1024px\" \/>\t\t\t\t\t\t\t\t\t\t\t\t\t\t\t<\/div>\n\t\t\t\t<\/div>\n\t\t\t\t\t<\/div>\n\t\t<\/div>\n\t\t\t\t\t\t\t<\/div>\n\t\t<\/section>\n\t\t\t\t<section class=\"elementor-section elementor-inner-section elementor-element elementor-element-90c19e8 elementor-section-boxed elementor-section-height-default elementor-section-height-default\" data-id=\"90c19e8\" data-element_type=\"section\">\n\t\t\t\t\t\t<div class=\"elementor-container elementor-column-gap-default\">\n\t\t\t\t\t<div class=\"elementor-column elementor-col-50 elementor-inner-column elementor-element elementor-element-31bf9f5\" data-id=\"31bf9f5\" data-element_type=\"column\">\n\t\t\t<div class=\"elementor-widget-wrap elementor-element-populated\">\n\t\t\t\t\t\t\t\t<div class=\"elementor-element elementor-element-60bc876 elementor-widget elementor-widget-image\" data-id=\"60bc876\" data-element_type=\"widget\" data-widget_type=\"image.default\">\n\t\t\t\t<div class=\"elementor-widget-container\">\n\t\t\t\t\t\t\t\t\t\t\t\t\t\t\t<img loading=\"lazy\" decoding=\"async\" width=\"1024\" height=\"588\" src=\"https:\/\/achtern-strand.de\/wp-content\/uploads\/2022\/05\/BootsTour-Hafen1-1024x588.jpeg\" class=\"attachment-large size-large\" alt=\"\" srcset=\"https:\/\/achtern-strand.de\/wp-content\/uploads\/2022\/05\/BootsTour-Hafen1-1024x588.jpeg 1024w, https:\/\/achtern-strand.de\/wp-content\/uploads\/2022\/05\/BootsTour-Hafen1-300x172.jpeg 300w, https:\/\/achtern-strand.de\/wp-content\/uploads\/2022\/05\/BootsTour-Hafen1-768x441.jpeg 768w, https:\/\/achtern-strand.de\/wp-content\/uploads\/2022\/05\/BootsTour-Hafen1-1536x883.jpeg 1536w, https:\/\/achtern-strand.de\/wp-content\/uploads\/2022\/05\/BootsTour-Hafen1-2048x1177.jpeg 2048w, https:\/\/achtern-strand.de\/wp-content\/uploads\/2022\/05\/BootsTour-Hafen1-624x359.jpeg 624w\" sizes=\"auto, (max-width: 1024px) 100vw, 1024px\" \/>\t\t\t\t\t\t\t\t\t\t\t\t\t\t\t<\/div>\n\t\t\t\t<\/div>\n\t\t\t\t\t<\/div>\n\t\t<\/div>\n\t\t\t\t<div class=\"elementor-column elementor-col-50 elementor-inner-column elementor-element elementor-element-fee8fef\" data-id=\"fee8fef\" data-element_type=\"column\">\n\t\t\t<div class=\"elementor-widget-wrap elementor-element-populated\">\n\t\t\t\t\t\t\t\t<div class=\"elementor-element elementor-element-eab2a76 elementor-widget elementor-widget-heading\" data-id=\"eab2a76\" data-element_type=\"widget\" data-widget_type=\"heading.default\">\n\t\t\t\t<div class=\"elementor-widget-container\">\n\t\t\t<h4 class=\"elementor-heading-title elementor-size-default\">VIP-Hafenrundfahrt-Achterwasser\u200b<\/h4>\t\t<\/div>\n\t\t\t\t<\/div>\n\t\t\t\t<div class=\"elementor-element elementor-element-5512bb3 elementor-widget elementor-widget-text-editor\" data-id=\"5512bb3\" data-element_type=\"widget\" data-widget_type=\"text-editor.default\">\n\t\t\t\t<div class=\"elementor-widget-container\">\n\t\t\t\t\t\t\t<p>Bootstour f\u00fcr bis zu 5 Personen<\/p>\n<p>Abholung an der Unterkunft,&nbsp;<\/p><p>Dauer ca. 6 Stunden<\/p>\n<p>Erleben Sie die Insel auch einmal von ihrer anderen Seite. Mit dem Boot schippern Sie gem\u00fctlich auf dem Achterwasser an Schilfg\u00fcrteln, Steilh\u00e4ngen, Wiesen und W\u00e4ldern entlang. Lassen sie sich verzaubern von idyllischen kleinen Yachth\u00e4fen und ihrem Flair. Vorbei an Ziemitz und Neeberg schaukeln wir mit Ihnen zum Naturhafen Krummin. Bei einer kleinen Rast haben Sie Gelegenheit, den malerischen Ort zu erkunden und sich mit Leckereien in der Naschkatze, der Pferdetr\u00e4nke oder auf der Hafenterrasse verw\u00f6hnen zu lassen. Weiter geht\u2019s dann vorbei an L\u00fctow, und dem Yachthafen Zinnowitz und weiteren kleinen H\u00e4fen bis hin zum Rankwitzer Hafen Hier g\u00f6nnen wir uns eine kulinarische Pause und st\u00e4rken uns im Restaurant mit R\u00e4ucherei oder im Hafencaf\u00e9 bevor es dann gem\u00fctlich zur\u00fcck nach Hause geht zum Heimathafen nach Zecherin.<\/p>\t\t\t\t\t\t<\/div>\n\t\t\t\t<\/div>\n\t\t\t\t\t<\/div>\n\t\t<\/div>\n\t\t\t\t\t\t\t<\/div>\n\t\t<\/section>\n\t\t\t\t\t<\/div>\n\t\t<\/div>\n\t\t\t\t\t\t\t<\/div>\n\t\t<\/section>\n\t\t\t\t<section class=\"elementor-section elementor-top-section elementor-element elementor-element-274b288 elementor-section-boxed elementor-section-height-default elementor-section-height-default\" data-id=\"274b288\" data-element_type=\"section\">\n\t\t\t\t\t\t<div class=\"elementor-container elementor-column-gap-default\">\n\t\t\t\t\t<div class=\"elementor-column elementor-col-100 elementor-top-column elementor-element elementor-element-6e472e7\" data-id=\"6e472e7\" data-element_type=\"column\">\n\t\t\t<div class=\"elementor-widget-wrap elementor-element-populated\">\n\t\t\t\t\t\t\t\t<section class=\"elementor-section elementor-inner-section elementor-element elementor-element-0bee714 elementor-section-boxed elementor-section-height-default elementor-section-height-default\" data-id=\"0bee714\" data-element_type=\"section\">\n\t\t\t\t\t\t<div class=\"elementor-container elementor-column-gap-default\">\n\t\t\t\t\t<div class=\"elementor-column elementor-col-50 elementor-inner-column elementor-element elementor-element-7b56154\" data-id=\"7b56154\" data-element_type=\"column\">\n\t\t\t<div class=\"elementor-widget-wrap elementor-element-populated\">\n\t\t\t\t\t\t\t\t<div class=\"elementor-element elementor-element-c7ad256 elementor-widget elementor-widget-heading\" data-id=\"c7ad256\" data-element_type=\"widget\" data-widget_type=\"heading.default\">\n\t\t\t\t<div class=\"elementor-widget-container\">\n\t\t\t<h4 class=\"elementor-heading-title elementor-size-default\">WaldGeisterTour<\/h4>\t\t<\/div>\n\t\t\t\t<\/div>\n\t\t\t\t<div class=\"elementor-element elementor-element-f483f43 elementor-widget elementor-widget-text-editor\" data-id=\"f483f43\" data-element_type=\"widget\" data-widget_type=\"text-editor.default\">\n\t\t\t\t<div class=\"elementor-widget-container\">\n\t\t\t\t\t\t\t<p>Only for Kids<\/p><p>\u00a0<\/p><p>Spa\u00df und Action im Wald f\u00fcr Kinder von 5 bis 10 Jahren, incl. Picknick<\/p><p>\u00a0<\/p><p>Start Haus Mare Balticum, Kneippstra\u00dfe 1 Zinnowitz<\/p><p>\u00a0<\/p><p>Mit viel Bewegung, \u00dcbungen f\u00fcr die verschiedenen Sinne und indem wir die Natur mit neuem Forschergeist entdecken, tun wir auch der Gesundheit auf spielerische Art und Weise etwas Gutes und wecken gleichzeitig das Bewusstsein f\u00fcr den Schutz der Natur. In Kleingruppen erobern wir f\u00fcr mindestens 3 Stunden den Wald. Bei sch\u00f6nem Wetter k\u00f6nnen wir unser Abenteuer auch ausdehnen und dann inmitten der Natur picknicken und einen kleinen gesunden Snack genie\u00dfen.<\/p><p>\u00a0<\/p><p>Kontakt Familie Ladenthin, 0172 4207501 \/ 0152 24893594<\/p>\t\t\t\t\t\t<\/div>\n\t\t\t\t<\/div>\n\t\t\t\t\t<\/div>\n\t\t<\/div>\n\t\t\t\t<div class=\"elementor-column elementor-col-50 elementor-inner-column elementor-element elementor-element-5453cff\" data-id=\"5453cff\" data-element_type=\"column\">\n\t\t\t<div class=\"elementor-widget-wrap elementor-element-populated\">\n\t\t\t\t\t\t\t\t<div class=\"elementor-element elementor-element-80b2f8b elementor-widget elementor-widget-image\" data-id=\"80b2f8b\" data-element_type=\"widget\" data-widget_type=\"image.default\">\n\t\t\t\t<div class=\"elementor-widget-container\">\n\t\t\t\t\t\t\t\t\t\t\t\t\t\t\t<img loading=\"lazy\" decoding=\"async\" width=\"1024\" height=\"681\" src=\"https:\/\/achtern-strand.de\/wp-content\/uploads\/2022\/05\/Wald-Kinder-1024x681.jpeg\" class=\"attachment-large size-large\" alt=\"\" srcset=\"https:\/\/achtern-strand.de\/wp-content\/uploads\/2022\/05\/Wald-Kinder-1024x681.jpeg 1024w, https:\/\/achtern-strand.de\/wp-content\/uploads\/2022\/05\/Wald-Kinder-300x200.jpeg 300w, https:\/\/achtern-strand.de\/wp-content\/uploads\/2022\/05\/Wald-Kinder-768x511.jpeg 768w, https:\/\/achtern-strand.de\/wp-content\/uploads\/2022\/05\/Wald-Kinder-1536x1022.jpeg 1536w, https:\/\/achtern-strand.de\/wp-content\/uploads\/2022\/05\/Wald-Kinder-2048x1363.jpeg 2048w\" sizes=\"auto, (max-width: 1024px) 100vw, 1024px\" \/>\t\t\t\t\t\t\t\t\t\t\t\t\t\t\t<\/div>\n\t\t\t\t<\/div>\n\t\t\t\t\t<\/div>\n\t\t<\/div>\n\t\t\t\t\t\t\t<\/div>\n\t\t<\/section>\n\t\t\t\t\t<\/div>\n\t\t<\/div>\n\t\t\t\t\t\t\t<\/div>\n\t\t<\/section>\n\t\t\t\t<section class=\"elementor-section elementor-top-section elementor-element elementor-element-948b535 elementor-section-boxed elementor-section-height-default elementor-section-height-default\" data-id=\"948b535\" data-element_type=\"section\">\n\t\t\t\t\t\t<div class=\"elementor-container elementor-column-gap-default\">\n\t\t\t\t\t<div class=\"elementor-column elementor-col-100 elementor-top-column elementor-element elementor-element-4c03acb\" data-id=\"4c03acb\" data-element_type=\"column\">\n\t\t\t<div class=\"elementor-widget-wrap elementor-element-populated\">\n\t\t\t\t\t\t\t\t<section class=\"elementor-section elementor-inner-section elementor-element elementor-element-4681ac7 elementor-section-boxed elementor-section-height-default elementor-section-height-default\" data-id=\"4681ac7\" data-element_type=\"section\">\n\t\t\t\t\t\t<div class=\"elementor-container elementor-column-gap-default\">\n\t\t\t\t\t<div class=\"elementor-column elementor-col-50 elementor-inner-column elementor-element elementor-element-338d6ce\" data-id=\"338d6ce\" data-element_type=\"column\">\n\t\t\t<div class=\"elementor-widget-wrap elementor-element-populated\">\n\t\t\t\t\t\t\t\t<div class=\"elementor-element elementor-element-b018428 elementor-widget elementor-widget-image\" data-id=\"b018428\" data-element_type=\"widget\" data-widget_type=\"image.default\">\n\t\t\t\t<div class=\"elementor-widget-container\">\n\t\t\t\t\t\t\t\t\t\t\t\t\t\t\t<img loading=\"lazy\" decoding=\"async\" width=\"1024\" height=\"683\" src=\"https:\/\/achtern-strand.de\/wp-content\/uploads\/2022\/05\/SUP1-1024x683.jpeg\" class=\"attachment-large size-large\" alt=\"\" srcset=\"https:\/\/achtern-strand.de\/wp-content\/uploads\/2022\/05\/SUP1-1024x683.jpeg 1024w, https:\/\/achtern-strand.de\/wp-content\/uploads\/2022\/05\/SUP1-300x200.jpeg 300w, https:\/\/achtern-strand.de\/wp-content\/uploads\/2022\/05\/SUP1-768x512.jpeg 768w, https:\/\/achtern-strand.de\/wp-content\/uploads\/2022\/05\/SUP1-1536x1024.jpeg 1536w, https:\/\/achtern-strand.de\/wp-content\/uploads\/2022\/05\/SUP1-2048x1365.jpeg 2048w, https:\/\/achtern-strand.de\/wp-content\/uploads\/2022\/05\/SUP1-624x416.jpeg 624w\" sizes=\"auto, (max-width: 1024px) 100vw, 1024px\" \/>\t\t\t\t\t\t\t\t\t\t\t\t\t\t\t<\/div>\n\t\t\t\t<\/div>\n\t\t\t\t\t<\/div>\n\t\t<\/div>\n\t\t\t\t<div class=\"elementor-column elementor-col-50 elementor-inner-column elementor-element elementor-element-698771e\" data-id=\"698771e\" data-element_type=\"column\">\n\t\t\t<div class=\"elementor-widget-wrap elementor-element-populated\">\n\t\t\t\t\t\t\t\t<div class=\"elementor-element elementor-element-01201d9 elementor-widget elementor-widget-heading\" data-id=\"01201d9\" data-element_type=\"widget\" data-widget_type=\"heading.default\">\n\t\t\t\t<div class=\"elementor-widget-container\">\n\t\t\t<h2 class=\"elementor-heading-title elementor-size-default\">Weitere Abenteuer<\/h2>\t\t<\/div>\n\t\t\t\t<\/div>\n\t\t\t\t<div class=\"elementor-element elementor-element-a8cdde8 elementor-widget elementor-widget-text-editor\" data-id=\"a8cdde8\" data-element_type=\"widget\" data-widget_type=\"text-editor.default\">\n\t\t\t\t<div class=\"elementor-widget-container\">\n\t\t\t\t\t\t\t<p><a href=\"https:\/\/achtern-strand.de\/index.php\/stand-up-paddling\/\"><strong>Stand-Up-Paddel-Verleih<\/strong><\/a><\/p><p>am Haus Mare Balticum, Kneippstra\u00dfe 1 in Zinnowitz,<\/p><p>Kontakt Familie\u00a0 Ladenthin, 0172 4207501 \/ 0152 24893594<\/p>\t\t\t\t\t\t<\/div>\n\t\t\t\t<\/div>\n\t\t\t\t<div class=\"elementor-element elementor-element-4a0eec3 elementor-align-left elementor-widget elementor-widget-button\" data-id=\"4a0eec3\" data-element_type=\"widget\" data-widget_type=\"button.default\">\n\t\t\t\t<div class=\"elementor-widget-container\">\n\t\t\t\t\t<div class=\"elementor-button-wrapper\">\n\t\t\t<a href=\"https:\/\/achtern-strand.de\/index.php\/weitere-aktivitaeten\/\" class=\"elementor-button-link elementor-button elementor-size-sm\" role=\"button\">\n\t\t\t\t\t\t<span class=\"elementor-button-content-wrapper\">\n\t\t\t\t\t\t<span class=\"elementor-button-text\">Noch Mee(h)r erleben!<\/span>\n\t\t<\/span>\n\t\t\t\t\t<\/a>\n\t\t<\/div>\n\t\t\t\t<\/div>\n\t\t\t\t<\/div>\n\t\t\t\t\t<\/div>\n\t\t<\/div>\n\t\t\t\t\t\t\t<\/div>\n\t\t<\/section>\n\t\t\t\t\t<\/div>\n\t\t<\/div>\n\t\t\t\t\t\t\t<\/div>\n\t\t<\/section>\n\t\t\t\t\t\t\t<\/div>\n\t\t","protected":false},"excerpt":{"rendered":"<p>Abenteuer auf Usedom VIP-Insel Tour Private Bustour f\u00fcr 2-6 Personen f\u00fcr unsere G\u00e4ste und Neugierige \u00a0 Start Haus Mare Balticum in Zinnowitz, Dauer ca. 6 Stunden \u00a0 Wir zeigen euch unsere Insel mit unseren ganz pers\u00f6nlichen Lieblingspl\u00e4tzen. Durch malerische Natur fahren wir zu geschichtstr\u00e4chtigen Orten und versteckten Highlights. Zwischen den einzelnen Etappen erkunden wir die &hellip;<\/p>\n<p class=\"read-more\"> <a class=\"\" href=\"https:\/\/achtern-strand.de\/index.php\/abenteuer-usedom\/\"> <span class=\"screen-reader-text\">Abenteuer Usedom<\/span> Weiterlesen &raquo;<\/a><\/p>\n","protected":false},"author":4,"featured_media":0,"parent":0,"menu_order":0,"comment_status":"closed","ping_status":"closed","template":"","meta":{"site-sidebar-layout":"no-sidebar","site-content-layout":"page-builder","ast-global-header-display":"","ast-main-header-display":"","ast-hfb-above-header-display":"","ast-hfb-below-header-display":"","ast-hfb-mobile-header-display":"","site-post-title":"disabled","ast-breadcrumbs-content":"","ast-featured-img":"disabled","footer-sml-layout":"","theme-transparent-header-meta":"enabled","adv-header-id-meta":"","stick-header-meta":"","header-above-stick-meta":"","header-main-stick-meta":"","header-below-stick-meta":"","footnotes":""},"class_list":["post-1455","page","type-page","status-publish","hentry"],"_links":{"self":[{"href":"https:\/\/achtern-strand.de\/index.php\/wp-json\/wp\/v2\/pages\/1455","targetHints":{"allow":["GET"]}}],"collection":[{"href":"https:\/\/achtern-strand.de\/index.php\/wp-json\/wp\/v2\/pages"}],"about":[{"href":"https:\/\/achtern-strand.de\/index.php\/wp-json\/wp\/v2\/types\/page"}],"author":[{"embeddable":true,"href":"https:\/\/achtern-strand.de\/index.php\/wp-json\/wp\/v2\/users\/4"}],"replies":[{"embeddable":true,"href":"https:\/\/achtern-strand.de\/index.php\/wp-json\/wp\/v2\/comments?post=1455"}],"version-history":[{"count":22,"href":"https:\/\/achtern-strand.de\/index.php\/wp-json\/wp\/v2\/pages\/1455\/revisions"}],"predecessor-version":[{"id":1655,"href":"https:\/\/achtern-strand.de\/index.php\/wp-json\/wp\/v2\/pages\/1455\/revisions\/1655"}],"wp:attachment":[{"href":"https:\/\/achtern-strand.de\/index.php\/wp-json\/wp\/v2\/media?parent=1455"}],"curies":[{"name":"wp","href":"https:\/\/api.w.org\/{rel}","templated":true}]}}