{"id":142,"date":"2018-10-28T16:07:47","date_gmt":"2018-10-28T15:07:47","guid":{"rendered":"http:\/\/achtern-strand.de\/?page_id=142"},"modified":"2018-10-28T18:34:30","modified_gmt":"2018-10-28T17:34:30","slug":"aktivitaeten","status":"publish","type":"page","link":"https:\/\/achtern-strand.de\/index.php\/aktivitaeten\/","title":{"rendered":"Aktivit\u00e4ten"},"content":{"rendered":"<p>Freizeittips auf Usedom &#8211; wie schwierig &#8211; so eine einfache Frage&#8230; Schwierig vor allem, weil Sie auf dieser Insel unglaublich viel machen, sehen, entdecken und erleben k\u00f6nnen.<\/p>\n<p>Kultur auf Usedom finden Sie an jeder Ecke. Historisch oder modern &#8211; es gibt so viel zu erfahren. Eine Vielzahl von Museen, Galerien, Antiquariaten oder Kunstwerkst\u00e4tten laden Sie herzlich ein. In Zinnowitz erlernen junge Schauspieler Ihr Handwerkszeug f\u00fcr Ihr sp\u00e4teres Berufsleben und den ganzen Sommer hindurch finden Sie in Theatern, in Zelten oder auf Open Airs ein interessantes B\u00fchnenleben.<\/p>\n<p>Die 3 f\u00fcr mich interessantesten Tips habe ich in der Folge f\u00fcr Sie.<\/p>\n<p>1. Das Zinnowitzer Open Air &#8222;Vineta&#8220;. Eine tolle Show rund um die Sage der versunkenen Stadt &#8222;Vineta&#8220;. Details unter www.vineta-festspiele.de.<\/p>\n<p>2. Ein Abend in der Zinnowitzer Blechb\u00fcchse. Hier haben Sie die Chance auf einen faszinierenden Theaterabend, aber auch auf anspruchsvolle K\u00fcnstler aus anderen Genres, von Rock bis Jazz. Details unter www.blechbuechse.de.<\/p>\n<p>3. Chapeau Rouge, das Theaterzelt in Heringsdorf. Tolle Atmosph\u00e4re, sch\u00f6ne Auff\u00fchrungen. Macht Spa\u00df. Details unter http:\/\/www.chapeau-rouge.de.<\/p>\n<p>Den H\u00f6hepunkt der Kultursaison bildet das Usedomer Musikfestival. Es erstreckt sich \u00fcber einen Zeitraum von 3 Wochen von Ende September bis Anfang Oktober. Die Veranstaltungen sind hochkar\u00e4tig und bieten auch dem verw\u00f6hnten Kunstgenie\u00dfer eine excellente M\u00f6glichkeit, Kultur auf einer der sch\u00f6nsten Inseln Deutschlands zu erleben. Mehr unter http:\/\/www.usedomer-musikfestival.de.<\/p>\n<p>Sport auf Usedom. Nun &#8211; diese Insel lebt f\u00fcr den Wassersport. Egal welchen Wassersport Sie lieben &#8211; auf Usedom haben Sie Ihren Spa\u00df. Beste Adresse ist der Sportstrand in Zinnowitz: www.sportstrand-zinnowitz.de.<\/p>\n<p>An erster Stelle steht nat\u00fcrlich das sommerliche Badevergn\u00fcgen in der Ostsee. F\u00fcr mich ist &#8222;Anbaden&#8220;, wenn der Kuckuck zum ersten Mal ruft und &#8222;Abbaden&#8220; im Oktober, meist nach einer schwei\u00dftreibenden Pilzsuche im D\u00fcnenwald. Okay -zugegeben &#8211; das ist gruselig kalt. Aber von Juni bis September ist die Ostsee sehr angenehm erfrischend.<\/p>\n<p>Im Ort sind Tennispl\u00e4tze, die \u00fcbrigens noch aus der Gr\u00fcnderzeit stammen, aber zwischenzeitlich doch modernisiert wurden, umfangreiche Sportanlagen, eine Laufbahn im Sportpark, ein gut ausgestattetes Fitness-Studio im Hotel Baltic und die Bernsteinterme &#8211; falls es ausnahmsweise einmal regnen sollte.<\/p>\n<p>Die Sportbedingungen sind excellent &#8211; erstaunen Sie nicht, wenn Ihnen vielleicht Arthur Abraham oder Fritz Sdunek auf der Promenade begegnen. Viele bekannte Leistungssportler bereiten sich regelm\u00e4\u00dfig bei uns auf Ihre Wettk\u00e4mpfe vor.<\/p>\n<p>Die angelsportlichen M\u00f6glichkeiten auf Usedom sind so einzigartig, dass ich dieser Rubrik eine eigene Plattform gewidmet habe. Oder Sie schauen gleich auf der Homepage von Stephan Hackbarth unter www.angeln-exklusiv.de vorbei. Was bei Ihnen zu Hause im Vereinsgew\u00e4sser nur zu oft der &#8222;Fisch des Lebens&#8220; sein d\u00fcrfte, wird bei &#8222;Hacki&#8220; in der Regel nur mit einem kurzen &#8222;sch\u00f6ner Fisch&#8220; quittiert. M\u00f6glich aber auch, dass Ihr Guide mit Ihnen ein wenig &#8222;schimpft&#8220;, weil Sie zu lange mit dem Abendbrot spielen&#8230;<\/p>\n<p>Die Segelreviere rund um die Insel sind schlicht wundervoll. Sie k\u00f6nnen am Strand und am Achterwasser an verschiedenen Stellen Boote leihen. Es gibt daneben viele sehr sch\u00f6ne H\u00e4fen, an denen Sie Ihr eigenes Boot festmachen k\u00f6nnen. Krummin, Karlshagen oder Zinnowitz, um nur einige zu nennen. Dar\u00fcber finden Sie auf Usedom phantastische Surf und Kitesurfreviere. An irgendeiner K\u00fcste weht eigentlich immer Wind.<\/p>\n<p>Ach ja, eine \u00dcbersicht \u00fcber Ferienwohnungen gibt es auf <a href=\"https:\/\/www.ferienhausmarkt.com\/\">Ferienwohnung Mecklenburg-Vorpommern<\/a>.<\/p>\n","protected":false},"excerpt":{"rendered":"<p>Freizeittips auf Usedom &#8211; wie schwierig &#8211; so eine einfache Frage&#8230; Schwierig vor allem, weil Sie auf dieser Insel unglaublich viel machen, sehen, entdecken und erleben k\u00f6nnen. Kultur auf Usedom finden Sie an jeder Ecke. Historisch oder modern &#8211; es gibt so viel zu erfahren. Eine Vielzahl von Museen, Galerien, Antiquariaten oder Kunstwerkst\u00e4tten laden Sie &hellip;<\/p>\n<p class=\"read-more\"> <a class=\"\" href=\"https:\/\/achtern-strand.de\/index.php\/aktivitaeten\/\"> <span class=\"screen-reader-text\">Aktivit\u00e4ten<\/span> Weiterlesen &raquo;<\/a><\/p>\n","protected":false},"author":1,"featured_media":0,"parent":0,"menu_order":6,"comment_status":"closed","ping_status":"closed","template":"","meta":{"site-sidebar-layout":"default","site-content-layout":"default","ast-global-header-display":"","ast-main-header-display":"","ast-hfb-above-header-display":"","ast-hfb-below-header-display":"","ast-hfb-mobile-header-display":"","site-post-title":"","ast-breadcrumbs-content":"","ast-featured-img":"","footer-sml-layout":"","theme-transparent-header-meta":"","adv-header-id-meta":"","stick-header-meta":"","header-above-stick-meta":"","header-main-stick-meta":"","header-below-stick-meta":"","footnotes":""},"class_list":["post-142","page","type-page","status-publish","hentry"],"_links":{"self":[{"href":"https:\/\/achtern-strand.de\/index.php\/wp-json\/wp\/v2\/pages\/142","targetHints":{"allow":["GET"]}}],"collection":[{"href":"https:\/\/achtern-strand.de\/index.php\/wp-json\/wp\/v2\/pages"}],"about":[{"href":"https:\/\/achtern-strand.de\/index.php\/wp-json\/wp\/v2\/types\/page"}],"author":[{"embeddable":true,"href":"https:\/\/achtern-strand.de\/index.php\/wp-json\/wp\/v2\/users\/1"}],"replies":[{"embeddable":true,"href":"https:\/\/achtern-strand.de\/index.php\/wp-json\/wp\/v2\/comments?post=142"}],"version-history":[{"count":2,"href":"https:\/\/achtern-strand.de\/index.php\/wp-json\/wp\/v2\/pages\/142\/revisions"}],"predecessor-version":[{"id":231,"href":"https:\/\/achtern-strand.de\/index.php\/wp-json\/wp\/v2\/pages\/142\/revisions\/231"}],"wp:attachment":[{"href":"https:\/\/achtern-strand.de\/index.php\/wp-json\/wp\/v2\/media?parent=142"}],"curies":[{"name":"wp","href":"https:\/\/api.w.org\/{rel}","templated":true}]}}