{"id":124,"date":"2018-10-28T15:41:31","date_gmt":"2018-10-28T14:41:31","guid":{"rendered":"http:\/\/achtern-strand.de\/?page_id=124"},"modified":"2018-10-28T17:51:19","modified_gmt":"2018-10-28T16:51:19","slug":"haus-mare-balticum-og-wohnung","status":"publish","type":"page","link":"https:\/\/achtern-strand.de\/index.php\/ferienwohnungen-zinnowitz\/haus-mare-balticum-og-wohnung\/","title":{"rendered":"Haus Mare Balticum &#8211; OG Wohnung"},"content":{"rendered":"<h1>Ferienwohnungen im Mare Balticum in Zinnowitz auf Usedom<\/h1>\n<p>Das Interieur der Wohnungen im OG ist ein exaktes Spiegelbild der Wohnungen im Erdgeschoss. Alle OG-Wohnungen sind somit ebenfalls ideal f\u00fcr 4 Personen. Einziger Unterschied: statt einer Terrasse steht Ihnen ein sch\u00f6ner gro\u00dfer Balkon zur Verf\u00fcgung &#8211; und Sie sitzen dichter an der Sonne&#8230;<\/p>\n<p>Die Farben Ihrer Wohnung reflektieren das klare Flair des Nordens. Auf Sie wartet ein helles und freundlich m\u00f6bliertes Appartement mit einem Wohnzimmer (Flachbildfernseher, DVD-Player, CD-Radio) mit einer offenen K\u00fcche, zwei Schlafzimmern sowie einem Bad und einem Abstellraum.<\/p>\n<p>Alle R\u00e4ume sind komplett gefliest und mit einer Fussbodenheizung ausgestattet. Weiterhin stehen Ihnen Gartenm\u00f6bel, ein Grill, Stellpl\u00e4tze f\u00fcr Ihre Fahrr\u00e4der sowie ein kostenfreier PKW-Stellplatz zur Verf\u00fcgung.<\/p>\n<p><img loading=\"lazy\" decoding=\"async\" class=\"aligncenter size-medium wp-image-17\" src=\"http:\/\/achtern-strand.de\/wp-content\/uploads\/2018\/10\/2092-Bild-Nr5-300x200.jpg\" alt=\"\" width=\"300\" height=\"200\" srcset=\"https:\/\/achtern-strand.de\/wp-content\/uploads\/2018\/10\/2092-Bild-Nr5-300x200.jpg 300w, https:\/\/achtern-strand.de\/wp-content\/uploads\/2018\/10\/2092-Bild-Nr5-768x512.jpg 768w, https:\/\/achtern-strand.de\/wp-content\/uploads\/2018\/10\/2092-Bild-Nr5.jpg 800w\" sizes=\"auto, (max-width: 300px) 100vw, 300px\" \/><img loading=\"lazy\" decoding=\"async\" class=\"aligncenter size-medium wp-image-16\" src=\"http:\/\/achtern-strand.de\/wp-content\/uploads\/2018\/10\/2092-Bild-Nr4-300x225.jpg\" alt=\"\" width=\"300\" height=\"225\" srcset=\"https:\/\/achtern-strand.de\/wp-content\/uploads\/2018\/10\/2092-Bild-Nr4-300x225.jpg 300w, https:\/\/achtern-strand.de\/wp-content\/uploads\/2018\/10\/2092-Bild-Nr4-768x576.jpg 768w, https:\/\/achtern-strand.de\/wp-content\/uploads\/2018\/10\/2092-Bild-Nr4.jpg 800w\" sizes=\"auto, (max-width: 300px) 100vw, 300px\" \/><\/p>\n<h1>Ausstattung der Obergeschosswohnungen<\/h1>\n<p>Das Interieur Ihres hellen Wohnzimmers besteht aus einer Couch, einem sehr bequemen Sessel und einem kleinen Couchtisch. Ihnen stehen ein Flachbildfernseher mit ganz vielen verschiedenen Fernsehprogrammen, ein DVD &#8211; Player und ein CD-Radioger\u00e4t zur Verf\u00fcgung. Die Appartements besitzen einen Balkon mit hochwertigen Gartenm\u00f6beln, so dass Sie Ihre Mahlzeiten im Freien an der klaren Seeluft bequem geniessen k\u00f6nnen.<\/p>\n<h1>Die K\u00fcche<\/h1>\n<p><img loading=\"lazy\" decoding=\"async\" class=\"alignright size-medium wp-image-68\" src=\"http:\/\/achtern-strand.de\/wp-content\/uploads\/2018\/10\/mb-kueche2-300x200.jpg\" alt=\"\" width=\"300\" height=\"200\" srcset=\"https:\/\/achtern-strand.de\/wp-content\/uploads\/2018\/10\/mb-kueche2-300x200.jpg 300w, https:\/\/achtern-strand.de\/wp-content\/uploads\/2018\/10\/mb-kueche2-768x512.jpg 768w, https:\/\/achtern-strand.de\/wp-content\/uploads\/2018\/10\/mb-kueche2.jpg 800w\" sizes=\"auto, (max-width: 300px) 100vw, 300px\" \/>Ein Elektroherd und ein Backofen warten auf Ihre Kochk\u00fcnste. Daneben sind Sie mit einem K\u00fchl\/Gefrierschrank, dem notwendigen K\u00fccheninventar, einer Kaffeemaschine und einem Toaster ausgestattet. Ihren Abwasch erledigt ein Geschirrsp\u00fcler. F\u00fcr unsere kleinen G\u00e4ste gibt es einen Kinderhochstuhl. An einen Grill f\u00fcr die V\u00e4ter haben wir nat\u00fcrlich auch gedacht&#8230; bitte achten Sie bei den abendlichen Grillfesten auf die anderen G\u00e4ste der Anlage&#8230; Wenn es ein richtig lustiger Abend werden soll &#8211; einfach alle einladen!<\/p>\n<h1>Die Schlafzimmer<\/h1>\n<p><img loading=\"lazy\" decoding=\"async\" class=\"alignright size-medium wp-image-69\" src=\"http:\/\/achtern-strand.de\/wp-content\/uploads\/2018\/10\/mb-schlafzimmer-300x221.jpg\" alt=\"\" width=\"300\" height=\"221\" srcset=\"https:\/\/achtern-strand.de\/wp-content\/uploads\/2018\/10\/mb-schlafzimmer-300x221.jpg 300w, https:\/\/achtern-strand.de\/wp-content\/uploads\/2018\/10\/mb-schlafzimmer-768x564.jpg 768w, https:\/\/achtern-strand.de\/wp-content\/uploads\/2018\/10\/mb-schlafzimmer.jpg 800w\" sizes=\"auto, (max-width: 300px) 100vw, 300px\" \/><img loading=\"lazy\" decoding=\"async\" class=\"alignright size-medium wp-image-66\" src=\"http:\/\/achtern-strand.de\/wp-content\/uploads\/2018\/10\/mb-kinderzimmer-300x200.jpg\" alt=\"\" width=\"300\" height=\"200\" srcset=\"https:\/\/achtern-strand.de\/wp-content\/uploads\/2018\/10\/mb-kinderzimmer-300x200.jpg 300w, https:\/\/achtern-strand.de\/wp-content\/uploads\/2018\/10\/mb-kinderzimmer-768x512.jpg 768w, https:\/\/achtern-strand.de\/wp-content\/uploads\/2018\/10\/mb-kinderzimmer.jpg 800w\" sizes=\"auto, (max-width: 300px) 100vw, 300px\" \/>Beide Schlafzimmer haben wir mit hochwertigen Naturholzm\u00f6beln ausgestattet.<\/p>\n<p>Ihr Schlafzimmer besitzt ein Doppelbett, 2 kleine Nachtkommoden und einen Kleiderschrank. Ich m\u00f6chte Sie an dieser Stelle warnen, die ersten N\u00e4chte in der klaren Seeluft, vielleicht bei Meeresrauschen, werden Ihnen nicht wie Schlafen, sondern eher wie eine tiefe Ohnmacht vorkommen. Keine Sorge &#8211; das wird besser&#8230;<\/p>\n<p>F\u00fcr Ihren j\u00fcngsten Nachwuchs haben wir ein Kinderbett vorr\u00e4tig. Bitte informieren Sie uns lediglich vor Ihrer Anreise.<\/p>\n<p>Im 2. Schlafzimmer befinden sich zwei Einzelbetten und ein Schrank.<\/p>\n<h1>Badezimmer<\/h1>\n<p><img loading=\"lazy\" decoding=\"async\" class=\"alignright size-medium wp-image-65\" src=\"http:\/\/achtern-strand.de\/wp-content\/uploads\/2018\/10\/mb-bad-300x200.jpg\" alt=\"\" width=\"300\" height=\"200\" srcset=\"https:\/\/achtern-strand.de\/wp-content\/uploads\/2018\/10\/mb-bad-300x200.jpg 300w, https:\/\/achtern-strand.de\/wp-content\/uploads\/2018\/10\/mb-bad-768x512.jpg 768w, https:\/\/achtern-strand.de\/wp-content\/uploads\/2018\/10\/mb-bad.jpg 800w\" sizes=\"auto, (max-width: 300px) 100vw, 300px\" \/>Ihr Bad verf\u00fcgt \u00fcber eine Wellness-Dusche, ein WC und ein Waschbecken. Eine erste Ausstattung an Handt\u00fcchern ist bei uns nat\u00fcrlich im Mietpreis der Wohnung enthalten. F\u00fcr den Strand haben wir f\u00fcr Sie keine Badet\u00fccher vorr\u00e4tig!<\/p>\n<h1>Abstellraum<\/h1>\n<p>Klein &#8211; aber ausreichend Platz f\u00fcr Koffer, W\u00e4schest\u00e4nder, Grill, Sportsachen, Drachen, Getr\u00e4nkekisten, Grillkohle etc.<\/p>\n","protected":false},"excerpt":{"rendered":"<p>Ferienwohnungen im Mare Balticum in Zinnowitz auf Usedom Das Interieur der Wohnungen im OG ist ein exaktes Spiegelbild der Wohnungen im Erdgeschoss. Alle OG-Wohnungen sind somit ebenfalls ideal f\u00fcr 4 Personen. Einziger Unterschied: statt einer Terrasse steht Ihnen ein sch\u00f6ner gro\u00dfer Balkon zur Verf\u00fcgung &#8211; und Sie sitzen dichter an der Sonne&#8230; Die Farben Ihrer &hellip;<\/p>\n<p class=\"read-more\"> <a class=\"\" href=\"https:\/\/achtern-strand.de\/index.php\/ferienwohnungen-zinnowitz\/haus-mare-balticum-og-wohnung\/\"> <span class=\"screen-reader-text\">Haus Mare Balticum &#8211; OG Wohnung<\/span> Weiterlesen &raquo;<\/a><\/p>\n","protected":false},"author":1,"featured_media":0,"parent":114,"menu_order":5,"comment_status":"closed","ping_status":"closed","template":"sidebar-page.php","meta":{"site-sidebar-layout":"default","site-content-layout":"default","ast-global-header-display":"","ast-main-header-display":"","ast-hfb-above-header-display":"","ast-hfb-below-header-display":"","ast-hfb-mobile-header-display":"","site-post-title":"","ast-breadcrumbs-content":"","ast-featured-img":"","footer-sml-layout":"","theme-transparent-header-meta":"","adv-header-id-meta":"","stick-header-meta":"","header-above-stick-meta":"","header-main-stick-meta":"","header-below-stick-meta":"","footnotes":""},"class_list":["post-124","page","type-page","status-publish","hentry"],"_links":{"self":[{"href":"https:\/\/achtern-strand.de\/index.php\/wp-json\/wp\/v2\/pages\/124","targetHints":{"allow":["GET"]}}],"collection":[{"href":"https:\/\/achtern-strand.de\/index.php\/wp-json\/wp\/v2\/pages"}],"about":[{"href":"https:\/\/achtern-strand.de\/index.php\/wp-json\/wp\/v2\/types\/page"}],"author":[{"embeddable":true,"href":"https:\/\/achtern-strand.de\/index.php\/wp-json\/wp\/v2\/users\/1"}],"replies":[{"embeddable":true,"href":"https:\/\/achtern-strand.de\/index.php\/wp-json\/wp\/v2\/comments?post=124"}],"version-history":[{"count":1,"href":"https:\/\/achtern-strand.de\/index.php\/wp-json\/wp\/v2\/pages\/124\/revisions"}],"predecessor-version":[{"id":125,"href":"https:\/\/achtern-strand.de\/index.php\/wp-json\/wp\/v2\/pages\/124\/revisions\/125"}],"up":[{"embeddable":true,"href":"https:\/\/achtern-strand.de\/index.php\/wp-json\/wp\/v2\/pages\/114"}],"wp:attachment":[{"href":"https:\/\/achtern-strand.de\/index.php\/wp-json\/wp\/v2\/media?parent=124"}],"curies":[{"name":"wp","href":"https:\/\/api.w.org\/{rel}","templated":true}]}}