{"id":118,"date":"2018-10-28T15:27:19","date_gmt":"2018-10-28T14:27:19","guid":{"rendered":"http:\/\/achtern-strand.de\/?page_id=118"},"modified":"2018-10-28T17:51:19","modified_gmt":"2018-10-28T16:51:19","slug":"haus-isabella-eg-wohnung","status":"publish","type":"page","link":"https:\/\/achtern-strand.de\/index.php\/ferienwohnungen-zinnowitz\/haus-isabella-eg-wohnung\/","title":{"rendered":"Haus Isabella &#8211; EG Wohnung"},"content":{"rendered":"<h1>Ferienwohnung in Zinnowitz auf Usedom<\/h1>\n<p>Ihr Appartement in Zinnowitz ist ideal f\u00fcr 4 Personen und befindet sich im Erdgeschoss der kleinen Wohnanlage am s\u00fcdlichen Giebel.<\/p>\n<p>Die Farben Ihrer Wohnung reflektieren das klare Flair des Nordens. Auf Sie wartet ein helles und freundlich m\u00f6bliertes Appartement mit einem Wohnzimmer (Sat\/TV, CD-Radio) mit einer offenen K\u00fcche, zwei Schlafzimmern sowie einem Bad und einem Abstellraum. Alle R\u00e4ume sind komplett gefliest und mit einer Fu\u00dfbodenheizung ausgestattet. Weiterhin stehen Ihnen Gartenm\u00f6bel, ein Grill sowie ein kostenfreier PKW-Stellplatz zur Verf\u00fcgung.<\/p>\n<p>Der kleine Rasengarten vor der Terrasse geh\u00f6rt ebenfalls zur Wohnung.<\/p>\n<h1>Das Wohnzimmer der Erdgeschosswohnung<\/h1>\n<p>Das Interieur Ihres hellen Wohnzimmers besteht aus einer Couch, zwei sehr bequemen Sesseln und einem kleinen Couchtisch. Ihnen stehen ein Sat-TV mit ganz vielen verschiedenen Fernsehprogrammen, ein DVD &#8211; Player und ein CD-Radioger\u00e4t zur Verf\u00fcgung.<\/p>\n<p>Das ebenerdige Appartement besitzt eine sch\u00f6ne Terrasse, so dass Sie Ihre Mahlzeiten im Freien in der klaren Seeluft genie\u00dfen k\u00f6nnen.<\/p>\n<h1>Die K\u00fcche<\/h1>\n<p><img loading=\"lazy\" decoding=\"async\" class=\"alignright size-medium wp-image-101\" src=\"http:\/\/achtern-strand.de\/wp-content\/uploads\/2018\/10\/zinnowitz-kueche-300x200.jpg\" alt=\"\" width=\"300\" height=\"200\" srcset=\"https:\/\/achtern-strand.de\/wp-content\/uploads\/2018\/10\/zinnowitz-kueche-300x200.jpg 300w, https:\/\/achtern-strand.de\/wp-content\/uploads\/2018\/10\/zinnowitz-kueche-768x511.jpg 768w, https:\/\/achtern-strand.de\/wp-content\/uploads\/2018\/10\/zinnowitz-kueche.jpg 800w\" sizes=\"auto, (max-width: 300px) 100vw, 300px\" \/>Ein Elektroherd und ein Backofen warten auf Ihre Kochk\u00fcnste. Daneben sind Sie mit einem K\u00fchl\/Tiefk\u00fchlschrank, dem notwendigen K\u00fccheninventar, einer Kaffeemaschine und einem Toaster ausgestattet. Ihren Abwasch erledigt ein Geschirrsp\u00fcler.<\/p>\n<p>F\u00fcr unsere kleinen G\u00e4ste gibt es einen Kinderhochstuhl. An ein Grill f\u00fcr die V\u00e4ter haben wir auch gedacht&#8230; Aber bitte achten Sie bei den abendlichen Grillfeten die anderen G\u00e4ste der Anlage.. Wenn es ein richtig lustiger Abend werden soll &#8211; einfach alle einladen!<\/p>\n<h1>2 Schlafzimmer<\/h1>\n<p><img loading=\"lazy\" decoding=\"async\" class=\"alignright size-medium wp-image-103\" src=\"http:\/\/achtern-strand.de\/wp-content\/uploads\/2018\/10\/zinnowitz-schlafzimmer-300x200.jpg\" alt=\"\" width=\"300\" height=\"200\" srcset=\"https:\/\/achtern-strand.de\/wp-content\/uploads\/2018\/10\/zinnowitz-schlafzimmer-300x200.jpg 300w, https:\/\/achtern-strand.de\/wp-content\/uploads\/2018\/10\/zinnowitz-schlafzimmer-768x511.jpg 768w, https:\/\/achtern-strand.de\/wp-content\/uploads\/2018\/10\/zinnowitz-schlafzimmer.jpg 800w\" sizes=\"auto, (max-width: 300px) 100vw, 300px\" \/><img loading=\"lazy\" decoding=\"async\" class=\"alignright size-medium wp-image-104\" src=\"http:\/\/achtern-strand.de\/wp-content\/uploads\/2018\/10\/zinnowitz-schlafzimmer2-300x225.jpg\" alt=\"\" width=\"300\" height=\"225\" srcset=\"https:\/\/achtern-strand.de\/wp-content\/uploads\/2018\/10\/zinnowitz-schlafzimmer2-300x225.jpg 300w, https:\/\/achtern-strand.de\/wp-content\/uploads\/2018\/10\/zinnowitz-schlafzimmer2-768x576.jpg 768w, https:\/\/achtern-strand.de\/wp-content\/uploads\/2018\/10\/zinnowitz-schlafzimmer2.jpg 800w\" sizes=\"auto, (max-width: 300px) 100vw, 300px\" \/>Ihr Schlafzimmer besitzt ein Kingsize &#8211; Bett, einen Kleiderschrank und eine kleine Anrichte. Ich m\u00f6chte Sie an dieser Stelle warnen, die ersten N\u00e4chte in der klaren Seeluft, vielleicht bei Meeresrauschen, werden Ihnen nicht wie schlafen, sondern eher wie eine tiefe Ohnmacht vorkommen. Keine Sorge &#8211; das wird besser&#8230;<\/p>\n<p>F\u00fcr Ihren j\u00fcngsten Nachwuchs haben wir ein Kinderbett vorr\u00e4tig. Bitte informieren Sie uns lediglich vor Ihrer Anreise. Im 2. Schlafzimmer befinden sich zwei Einzelbetten und ein Schrank.<\/p>\n<h1>Badezimmer<\/h1>\n<p><img loading=\"lazy\" decoding=\"async\" class=\"alignright size-medium wp-image-100\" src=\"http:\/\/achtern-strand.de\/wp-content\/uploads\/2018\/10\/zinnowitz-bad-217x300.jpg\" alt=\"\" width=\"217\" height=\"300\" srcset=\"https:\/\/achtern-strand.de\/wp-content\/uploads\/2018\/10\/zinnowitz-bad-217x300.jpg 217w, https:\/\/achtern-strand.de\/wp-content\/uploads\/2018\/10\/zinnowitz-bad.jpg 600w\" sizes=\"auto, (max-width: 217px) 100vw, 217px\" \/>Ihr Bad verf\u00fcgt \u00fcber eine Dusche, ein WC und ein Waschbecken. Eine erste Ausstattung an Handt\u00fcchern ist im Mietpreis der Wohnung enthalten. F\u00fcr den Strand haben wir f\u00fcr Sie keine Badet\u00fccher vorr\u00e4tig!<\/p>\n<h1>Abstellraum<\/h1>\n<p>Klein &#8211; aber ausreichend Platz f\u00fcr Koffer, W\u00e4schest\u00e4nder, Grill, Sportsachen, Drachen, Getr\u00e4nkekisten, Grillkohle etc.!<\/p>\n","protected":false},"excerpt":{"rendered":"<p>Ferienwohnung in Zinnowitz auf Usedom Ihr Appartement in Zinnowitz ist ideal f\u00fcr 4 Personen und befindet sich im Erdgeschoss der kleinen Wohnanlage am s\u00fcdlichen Giebel. Die Farben Ihrer Wohnung reflektieren das klare Flair des Nordens. Auf Sie wartet ein helles und freundlich m\u00f6bliertes Appartement mit einem Wohnzimmer (Sat\/TV, CD-Radio) mit einer offenen K\u00fcche, zwei Schlafzimmern &hellip;<\/p>\n<p class=\"read-more\"> <a class=\"\" href=\"https:\/\/achtern-strand.de\/index.php\/ferienwohnungen-zinnowitz\/haus-isabella-eg-wohnung\/\"> <span class=\"screen-reader-text\">Haus Isabella &#8211; EG Wohnung<\/span> Weiterlesen &raquo;<\/a><\/p>\n","protected":false},"author":1,"featured_media":0,"parent":114,"menu_order":2,"comment_status":"closed","ping_status":"closed","template":"sidebar-page.php","meta":{"site-sidebar-layout":"default","site-content-layout":"default","ast-global-header-display":"","ast-main-header-display":"","ast-hfb-above-header-display":"","ast-hfb-below-header-display":"","ast-hfb-mobile-header-display":"","site-post-title":"","ast-breadcrumbs-content":"","ast-featured-img":"","footer-sml-layout":"","theme-transparent-header-meta":"","adv-header-id-meta":"","stick-header-meta":"","header-above-stick-meta":"","header-main-stick-meta":"","header-below-stick-meta":"","footnotes":""},"class_list":["post-118","page","type-page","status-publish","hentry"],"_links":{"self":[{"href":"https:\/\/achtern-strand.de\/index.php\/wp-json\/wp\/v2\/pages\/118","targetHints":{"allow":["GET"]}}],"collection":[{"href":"https:\/\/achtern-strand.de\/index.php\/wp-json\/wp\/v2\/pages"}],"about":[{"href":"https:\/\/achtern-strand.de\/index.php\/wp-json\/wp\/v2\/types\/page"}],"author":[{"embeddable":true,"href":"https:\/\/achtern-strand.de\/index.php\/wp-json\/wp\/v2\/users\/1"}],"replies":[{"embeddable":true,"href":"https:\/\/achtern-strand.de\/index.php\/wp-json\/wp\/v2\/comments?post=118"}],"version-history":[{"count":1,"href":"https:\/\/achtern-strand.de\/index.php\/wp-json\/wp\/v2\/pages\/118\/revisions"}],"predecessor-version":[{"id":119,"href":"https:\/\/achtern-strand.de\/index.php\/wp-json\/wp\/v2\/pages\/118\/revisions\/119"}],"up":[{"embeddable":true,"href":"https:\/\/achtern-strand.de\/index.php\/wp-json\/wp\/v2\/pages\/114"}],"wp:attachment":[{"href":"https:\/\/achtern-strand.de\/index.php\/wp-json\/wp\/v2\/media?parent=118"}],"curies":[{"name":"wp","href":"https:\/\/api.w.org\/{rel}","templated":true}]}}